{"id":162,"date":"2017-05-29T15:41:28","date_gmt":"2017-05-29T15:41:28","guid":{"rendered":"http:\/\/c0340450.ferozo.com\/?page_id=162"},"modified":"2023-11-14T01:35:32","modified_gmt":"2023-11-14T04:35:32","slug":"escoop","status":"publish","type":"page","link":"https:\/\/cooperar.coop\/?page_id=162","title":{"rendered":"Capacitaci\u00f3n"},"content":{"rendered":"\t\t<div data-elementor-type=\"wp-page\" data-elementor-id=\"162\" class=\"elementor elementor-162\" data-elementor-post-type=\"page\">\n\t\t\t\t\t\t<section class=\"elementor-section elementor-top-section elementor-element elementor-element-8b9cddc elementor-section-full_width elementor-section-stretched elementor-section-height-default elementor-section-height-default\" data-id=\"8b9cddc\" data-element_type=\"section\" data-e-type=\"section\" data-settings=\"{&quot;stretch_section&quot;:&quot;section-stretched&quot;}\">\n\t\t\t\t\t\t<div class=\"elementor-container elementor-column-gap-no\">\n\t\t\t\t\t<div class=\"elementor-column elementor-col-100 elementor-top-column elementor-element elementor-element-a7a7c6d\" data-id=\"a7a7c6d\" data-element_type=\"column\" data-e-type=\"column\">\n\t\t\t<div class=\"elementor-widget-wrap elementor-element-populated\">\n\t\t\t\t\t\t<div class=\"elementor-element elementor-element-faa6dab elementor-widget elementor-widget-image\" data-id=\"faa6dab\" data-element_type=\"widget\" data-e-type=\"widget\" data-widget_type=\"image.default\">\n\t\t\t\t<div class=\"elementor-widget-container\">\n\t\t\t\t\t\t\t\t\t\t\t\t\t\t\t<img fetchpriority=\"high\" decoding=\"async\" width=\"1024\" height=\"462\" src=\"https:\/\/cooperar.coop\/wp-content\/uploads\/2023\/10\/IMG_20161123_102617410-678x381-transformed.jpg\" class=\"attachment-large size-large wp-image-4887\" alt=\"\" \/>\t\t\t\t\t\t\t\t\t\t\t\t\t\t\t<\/div>\n\t\t\t\t<\/div>\n\t\t\t\t\t<\/div>\n\t\t<\/div>\n\t\t\t\t\t<\/div>\n\t\t<\/section>\n\t\t\t\t<section class=\"elementor-section elementor-top-section elementor-element elementor-element-fae4059 elementor-section-boxed elementor-section-height-default elementor-section-height-default\" data-id=\"fae4059\" data-element_type=\"section\" data-e-type=\"section\">\n\t\t\t\t\t\t<div class=\"elementor-container elementor-column-gap-default\">\n\t\t\t\t\t<div class=\"elementor-column elementor-col-100 elementor-top-column elementor-element elementor-element-76b8423\" data-id=\"76b8423\" data-element_type=\"column\" data-e-type=\"column\">\n\t\t\t<div class=\"elementor-widget-wrap elementor-element-populated\">\n\t\t\t\t\t\t<div class=\"elementor-element elementor-element-5dd0820 elementor-widget elementor-widget-spacer\" data-id=\"5dd0820\" data-element_type=\"widget\" data-e-type=\"widget\" data-widget_type=\"spacer.default\">\n\t\t\t\t<div class=\"elementor-widget-container\">\n\t\t\t\t\t\t\t<div class=\"elementor-spacer\">\n\t\t\t<div class=\"elementor-spacer-inner\"><\/div>\n\t\t<\/div>\n\t\t\t\t\t\t<\/div>\n\t\t\t\t<\/div>\n\t\t\t\t\t<\/div>\n\t\t<\/div>\n\t\t\t\t\t<\/div>\n\t\t<\/section>\n\t\t\t\t<section class=\"elementor-section elementor-top-section elementor-element elementor-element-b0439b5 elementor-section-boxed elementor-section-height-default elementor-section-height-default\" data-id=\"b0439b5\" data-element_type=\"section\" data-e-type=\"section\">\n\t\t\t\t\t\t<div class=\"elementor-container elementor-column-gap-default\">\n\t\t\t\t\t<div class=\"elementor-column elementor-col-100 elementor-top-column elementor-element elementor-element-33cdf28\" data-id=\"33cdf28\" data-element_type=\"column\" data-e-type=\"column\">\n\t\t\t<div class=\"elementor-widget-wrap elementor-element-populated\">\n\t\t\t\t\t\t<div class=\"elementor-element elementor-element-c780808 elementor-widget elementor-widget-heading\" data-id=\"c780808\" data-element_type=\"widget\" data-e-type=\"widget\" data-widget_type=\"heading.default\">\n\t\t\t\t<div class=\"elementor-widget-container\">\n\t\t\t\t\t<h5 class=\"elementor-heading-title elementor-size-default\">SERVICIOS<\/h5>\t\t\t\t<\/div>\n\t\t\t\t<\/div>\n\t\t\t\t\t<\/div>\n\t\t<\/div>\n\t\t\t\t\t<\/div>\n\t\t<\/section>\n\t\t\t\t<section class=\"elementor-section elementor-top-section elementor-element elementor-element-fcd307f elementor-section-boxed elementor-section-height-default elementor-section-height-default\" data-id=\"fcd307f\" data-element_type=\"section\" data-e-type=\"section\">\n\t\t\t\t\t\t<div class=\"elementor-container elementor-column-gap-default\">\n\t\t\t\t\t<div class=\"elementor-column elementor-col-100 elementor-top-column elementor-element elementor-element-92b820a\" data-id=\"92b820a\" data-element_type=\"column\" data-e-type=\"column\">\n\t\t\t<div class=\"elementor-widget-wrap elementor-element-populated\">\n\t\t\t\t\t\t<div class=\"elementor-element elementor-element-da9d576 elementor-widget elementor-widget-heading\" data-id=\"da9d576\" data-element_type=\"widget\" data-e-type=\"widget\" data-widget_type=\"heading.default\">\n\t\t\t\t<div class=\"elementor-widget-container\">\n\t\t\t\t\t<h1 class=\"elementor-heading-title elementor-size-default\">CAPACITACI\u00d3N<\/h1>\t\t\t\t<\/div>\n\t\t\t\t<\/div>\n\t\t\t\t\t<\/div>\n\t\t<\/div>\n\t\t\t\t\t<\/div>\n\t\t<\/section>\n\t\t\t\t<section class=\"elementor-section elementor-top-section elementor-element elementor-element-965174f elementor-section-boxed elementor-section-height-default elementor-section-height-default\" data-id=\"965174f\" data-element_type=\"section\" data-e-type=\"section\">\n\t\t\t\t\t\t<div class=\"elementor-container elementor-column-gap-default\">\n\t\t\t\t\t<div class=\"elementor-column elementor-col-100 elementor-top-column elementor-element elementor-element-ff120fc\" data-id=\"ff120fc\" data-element_type=\"column\" data-e-type=\"column\">\n\t\t\t<div class=\"elementor-widget-wrap elementor-element-populated\">\n\t\t\t\t\t\t<div class=\"elementor-element elementor-element-1defa2e elementor-widget-divider--view-line elementor-widget elementor-widget-divider\" data-id=\"1defa2e\" data-element_type=\"widget\" data-e-type=\"widget\" data-widget_type=\"divider.default\">\n\t\t\t\t<div class=\"elementor-widget-container\">\n\t\t\t\t\t\t\t<div class=\"elementor-divider\">\n\t\t\t<span class=\"elementor-divider-separator\">\n\t\t\t\t\t\t<\/span>\n\t\t<\/div>\n\t\t\t\t\t\t<\/div>\n\t\t\t\t<\/div>\n\t\t\t\t\t<\/div>\n\t\t<\/div>\n\t\t\t\t\t<\/div>\n\t\t<\/section>\n\t\t\t\t<section class=\"elementor-section elementor-top-section elementor-element elementor-element-d5a9d61 elementor-section-boxed elementor-section-height-default elementor-section-height-default\" data-id=\"d5a9d61\" data-element_type=\"section\" data-e-type=\"section\">\n\t\t\t\t\t\t<div class=\"elementor-container elementor-column-gap-default\">\n\t\t\t\t\t<div class=\"elementor-column elementor-col-100 elementor-top-column elementor-element elementor-element-ab23319\" data-id=\"ab23319\" data-element_type=\"column\" data-e-type=\"column\">\n\t\t\t<div class=\"elementor-widget-wrap\">\n\t\t\t\t\t\t\t<\/div>\n\t\t<\/div>\n\t\t\t\t\t<\/div>\n\t\t<\/section>\n\t\t\t\t<section class=\"elementor-section elementor-top-section elementor-element elementor-element-ed18466 elementor-section-boxed elementor-section-height-default elementor-section-height-default\" data-id=\"ed18466\" data-element_type=\"section\" data-e-type=\"section\">\n\t\t\t\t\t\t<div class=\"elementor-container elementor-column-gap-default\">\n\t\t\t\t\t<div class=\"elementor-column elementor-col-100 elementor-top-column elementor-element elementor-element-0a18f59\" data-id=\"0a18f59\" data-element_type=\"column\" data-e-type=\"column\">\n\t\t\t<div class=\"elementor-widget-wrap elementor-element-populated\">\n\t\t\t\t\t\t<div class=\"elementor-element elementor-element-2b81207 elementor-widget elementor-widget-text-editor\" data-id=\"2b81207\" data-element_type=\"widget\" data-e-type=\"widget\" data-widget_type=\"text-editor.default\">\n\t\t\t\t<div class=\"elementor-widget-container\">\n\t\t\t\t\t\t\t\t\t<p>La Confederaci\u00f3n Cooperativa de la Rep\u00fablica Argentina se plantea como objetivo la formaci\u00f3n de cuadros t\u00e9cnicos y dirigenciales \u00a0con amplio conocimiento sobre los distintos modelos de cooperativas y sus estrategias de integraci\u00f3n y con vocaci\u00f3n para la construcci\u00f3n de una sociedad con m\u00e1s y mejor democracia.<\/p><p>Dicho esfuerzo se enmarca dentro del objetivo estrat\u00e9gico de la Alianza Cooperativa\u00a0Internacional: que en la pr\u00f3xima d\u00e9cada el modelo empresario cooperativo sea el de mayor\u00a0crecimiento\u037e y forma parte de nuestra visi\u00f3n de un movimiento cooperativo protagonista en el\u00a0construcci\u00f3n de una sociedad con m\u00e1s democracia pol\u00edtica, econ\u00f3mica, social y medioambiental.<\/p><p>Para ello se requieren cuadros t\u00e9cnicos y dirigenciales que m\u00e1s all\u00e1 de su inserci\u00f3n en un determinado sector y territorio, tengan un detallado conocimiento de las potencialidades y desaf\u00edos<br \/>de cada uno de los modelos de cooperativas presentes en la experiencia nacional, y as\u00ed poder\u00a0acompa\u00f1ar procesos de desarrollo e integraci\u00f3n cooperativa.<\/p>\t\t\t\t\t\t\t\t<\/div>\n\t\t\t\t<\/div>\n\t\t\t\t<div class=\"elementor-element elementor-element-404363f elementor-widget-divider--view-line elementor-widget elementor-widget-divider\" data-id=\"404363f\" data-element_type=\"widget\" data-e-type=\"widget\" data-widget_type=\"divider.default\">\n\t\t\t\t<div class=\"elementor-widget-container\">\n\t\t\t\t\t\t\t<div class=\"elementor-divider\">\n\t\t\t<span class=\"elementor-divider-separator\">\n\t\t\t\t\t\t<\/span>\n\t\t<\/div>\n\t\t\t\t\t\t<\/div>\n\t\t\t\t<\/div>\n\t\t\t\t\t<\/div>\n\t\t<\/div>\n\t\t\t\t\t<\/div>\n\t\t<\/section>\n\t\t\t\t<section class=\"elementor-section elementor-top-section elementor-element elementor-element-6e52fcd elementor-section-boxed elementor-section-height-default elementor-section-height-default\" data-id=\"6e52fcd\" data-element_type=\"section\" data-e-type=\"section\">\n\t\t\t\t\t\t<div class=\"elementor-container elementor-column-gap-default\">\n\t\t\t\t\t<div class=\"elementor-column elementor-col-100 elementor-top-column elementor-element elementor-element-6063f89\" data-id=\"6063f89\" data-element_type=\"column\" data-e-type=\"column\">\n\t\t\t<div class=\"elementor-widget-wrap elementor-element-populated\">\n\t\t\t\t\t\t<div class=\"elementor-element elementor-element-b62addb elementor-widget elementor-widget-text-editor\" data-id=\"b62addb\" data-element_type=\"widget\" data-e-type=\"widget\" data-widget_type=\"text-editor.default\">\n\t\t\t\t<div class=\"elementor-widget-container\">\n\t\t\t\t\t\t\t\t\t<p>La\u00a0<strong>Escuela Cooperativa de Formaci\u00f3n T\u00e9cnica y Dirigencia (EsCoop)<\/strong>\u00a0es un programa de la Confederaci\u00f3n Cooperativa de la Rep\u00fablica Argentina dirigido a desarrollar actividades de capacitaci\u00f3n para dirigentes y t\u00e9cnicos de las organizaciones asociadas y de agencias p\u00fablicas vinculadas a su actividad.<\/p><p><strong>Estrategias<\/strong>:<br \/>\u2022 Sistematizaci\u00f3n de saberes cooperativos desarrollados en el marco del trabajo diario de sus asociadas en el sector.<br \/>\u2022 Fortalecimiento Institucional de las entidades asociadas, procurando que las mismas est\u00e9n en condiciones de replicar las iniciativas de la EsCoop.<br \/>\u2022 Convenios con universidades a los efectos de realizar las investigaciones que resulten necesarias, o para el desarrollo de herramientas de capacitaci\u00f3n espec\u00edficas.<br \/>\u2022 Articulaci\u00f3n con agencias p\u00fablicas con las cuales tiene que interactuar el cooperativismo, para facilitar el intercambio de experiencias e informaci\u00f3n.<\/p><p><strong>Poblaci\u00f3n objetivo:<\/strong><br \/>\u2022 Dirigentes y t\u00e9cnicos de sus entidades asociadas.<br \/>\u2022 Dirigentes y t\u00e9cnicos de cooperativas en general, de acuerdo a las necesidades planteadas a trav\u00e9s de su federaci\u00f3n.<br \/>\u2022 Funcionarios de agencias p\u00fablicas vinculadas al sector.<\/p>\t\t\t\t\t\t\t\t<\/div>\n\t\t\t\t<\/div>\n\t\t\t\t\t<\/div>\n\t\t<\/div>\n\t\t\t\t\t<\/div>\n\t\t<\/section>\n\t\t\t\t<\/div>\n\t\t","protected":false},"excerpt":{"rendered":"<p>SERVICIOS CAPACITACI\u00d3N La Confederaci\u00f3n Cooperativa de la Rep\u00fablica Argentina se plantea como objetivo la formaci\u00f3n de cuadros t\u00e9cnicos y dirigenciales \u00a0con amplio conocimiento sobre los distintos modelos de cooperativas y sus estrategias de integraci\u00f3n y con vocaci\u00f3n para la construcci\u00f3n de una sociedad con m\u00e1s y mejor democracia. Dicho esfuerzo se enmarca dentro del objetivo [&hellip;]<\/p>\n","protected":false},"author":2,"featured_media":0,"parent":0,"menu_order":0,"comment_status":"closed","ping_status":"closed","template":"","meta":{"site-sidebar-layout":"default","site-content-layout":"","ast-site-content-layout":"","site-content-style":"default","site-sidebar-style":"default","ast-global-header-display":"","ast-banner-title-visibility":"","ast-main-header-display":"","ast-hfb-above-header-display":"","ast-hfb-below-header-display":"","ast-hfb-mobile-header-display":"","site-post-title":"disabled","ast-breadcrumbs-content":"","ast-featured-img":"","footer-sml-layout":"","theme-transparent-header-meta":"","adv-header-id-meta":"","stick-header-meta":"","header-above-stick-meta":"","header-main-stick-meta":"","header-below-stick-meta":"","astra-migrate-meta-layouts":"","ast-page-background-enabled":"default","ast-page-background-meta":{"desktop":{"background-color":"var(--ast-global-color-4)","background-image":"","background-repeat":"repeat","background-position":"center center","background-size":"auto","background-attachment":"scroll","background-type":"","background-media":"","overlay-type":"","overlay-color":"","overlay-opacity":"","overlay-gradient":""},"tablet":{"background-color":"","background-image":"","background-repeat":"repeat","background-position":"center center","background-size":"auto","background-attachment":"scroll","background-type":"","background-media":"","overlay-type":"","overlay-color":"","overlay-opacity":"","overlay-gradient":""},"mobile":{"background-color":"","background-image":"","background-repeat":"repeat","background-position":"center center","background-size":"auto","background-attachment":"scroll","background-type":"","background-media":"","overlay-type":"","overlay-color":"","overlay-opacity":"","overlay-gradient":""}},"ast-content-background-meta":{"desktop":{"background-color":"var(--ast-global-color-5)","background-image":"","background-repeat":"repeat","background-position":"center center","background-size":"auto","background-attachment":"scroll","background-type":"","background-media":"","overlay-type":"","overlay-color":"","overlay-opacity":"","overlay-gradient":""},"tablet":{"background-color":"var(--ast-global-color-5)","background-image":"","background-repeat":"repeat","background-position":"center center","background-size":"auto","background-attachment":"scroll","background-type":"","background-media":"","overlay-type":"","overlay-color":"","overlay-opacity":"","overlay-gradient":""},"mobile":{"background-color":"var(--ast-global-color-5)","background-image":"","background-repeat":"repeat","background-position":"center center","background-size":"auto","background-attachment":"scroll","background-type":"","background-media":"","overlay-type":"","overlay-color":"","overlay-opacity":"","overlay-gradient":""}},"footnotes":""},"class_list":["post-162","page","type-page","status-publish","hentry"],"_links":{"self":[{"href":"https:\/\/cooperar.coop\/index.php?rest_route=\/wp\/v2\/pages\/162","targetHints":{"allow":["GET"]}}],"collection":[{"href":"https:\/\/cooperar.coop\/index.php?rest_route=\/wp\/v2\/pages"}],"about":[{"href":"https:\/\/cooperar.coop\/index.php?rest_route=\/wp\/v2\/types\/page"}],"author":[{"embeddable":true,"href":"https:\/\/cooperar.coop\/index.php?rest_route=\/wp\/v2\/users\/2"}],"replies":[{"embeddable":true,"href":"https:\/\/cooperar.coop\/index.php?rest_route=%2Fwp%2Fv2%2Fcomments&post=162"}],"version-history":[{"count":35,"href":"https:\/\/cooperar.coop\/index.php?rest_route=\/wp\/v2\/pages\/162\/revisions"}],"predecessor-version":[{"id":6090,"href":"https:\/\/cooperar.coop\/index.php?rest_route=\/wp\/v2\/pages\/162\/revisions\/6090"}],"wp:attachment":[{"href":"https:\/\/cooperar.coop\/index.php?rest_route=%2Fwp%2Fv2%2Fmedia&parent=162"}],"curies":[{"name":"wp","href":"https:\/\/api.w.org\/{rel}","templated":true}]}}