{"id":209,"date":"2017-05-29T16:09:40","date_gmt":"2017-05-29T16:09:40","guid":{"rendered":"http:\/\/c0340450.ferozo.com\/?page_id=209"},"modified":"2023-12-12T11:44:37","modified_gmt":"2023-12-12T14:44:37","slug":"internacional","status":"publish","type":"page","link":"https:\/\/cooperar.coop\/?page_id=209","title":{"rendered":"Internacional"},"content":{"rendered":"\t\t<div data-elementor-type=\"wp-page\" data-elementor-id=\"209\" class=\"elementor elementor-209\" data-elementor-post-type=\"page\">\n\t\t\t\t\t\t<section class=\"elementor-section elementor-top-section elementor-element elementor-element-0f365f7 elementor-section-boxed elementor-section-height-default elementor-section-height-default\" data-id=\"0f365f7\" data-element_type=\"section\">\n\t\t\t\t\t\t<div class=\"elementor-container elementor-column-gap-default\">\n\t\t\t\t\t<div class=\"elementor-column elementor-col-100 elementor-top-column elementor-element elementor-element-576dbc3\" data-id=\"576dbc3\" data-element_type=\"column\">\n\t\t\t<div class=\"elementor-widget-wrap elementor-element-populated\">\n\t\t\t\t\t\t<div class=\"elementor-element elementor-element-2d1d1f2 elementor-widget elementor-widget-spacer\" data-id=\"2d1d1f2\" data-element_type=\"widget\" data-widget_type=\"spacer.default\">\n\t\t\t\t<div class=\"elementor-widget-container\">\n\t\t\t\t\t\t\t<div class=\"elementor-spacer\">\n\t\t\t<div class=\"elementor-spacer-inner\"><\/div>\n\t\t<\/div>\n\t\t\t\t\t\t<\/div>\n\t\t\t\t<\/div>\n\t\t\t\t\t<\/div>\n\t\t<\/div>\n\t\t\t\t\t<\/div>\n\t\t<\/section>\n\t\t\t\t<section class=\"elementor-section elementor-top-section elementor-element elementor-element-ef507d7 elementor-section-boxed elementor-section-height-default elementor-section-height-default\" data-id=\"ef507d7\" data-element_type=\"section\">\n\t\t\t\t\t\t<div class=\"elementor-container elementor-column-gap-default\">\n\t\t\t\t\t<div class=\"elementor-column elementor-col-100 elementor-top-column elementor-element elementor-element-1d86412\" data-id=\"1d86412\" data-element_type=\"column\">\n\t\t\t<div class=\"elementor-widget-wrap elementor-element-populated\">\n\t\t\t\t\t\t<div class=\"elementor-element elementor-element-e47c0ee elementor-widget elementor-widget-heading\" data-id=\"e47c0ee\" data-element_type=\"widget\" data-widget_type=\"heading.default\">\n\t\t\t\t<div class=\"elementor-widget-container\">\n\t\t\t\t\t<h1 class=\"elementor-heading-title elementor-size-default\">INTERNACIONAL<\/h1>\t\t\t\t<\/div>\n\t\t\t\t<\/div>\n\t\t\t\t\t<\/div>\n\t\t<\/div>\n\t\t\t\t\t<\/div>\n\t\t<\/section>\n\t\t\t\t<section class=\"elementor-section elementor-top-section elementor-element elementor-element-f4b26d7 elementor-section-boxed elementor-section-height-default elementor-section-height-default\" data-id=\"f4b26d7\" data-element_type=\"section\">\n\t\t\t\t\t\t<div class=\"elementor-container elementor-column-gap-default\">\n\t\t\t\t\t<div class=\"elementor-column elementor-col-100 elementor-top-column elementor-element elementor-element-81fd0a4\" data-id=\"81fd0a4\" data-element_type=\"column\">\n\t\t\t<div class=\"elementor-widget-wrap elementor-element-populated\">\n\t\t\t\t\t\t<div class=\"elementor-element elementor-element-3011f18 elementor-widget-divider--view-line elementor-widget elementor-widget-divider\" data-id=\"3011f18\" data-element_type=\"widget\" data-widget_type=\"divider.default\">\n\t\t\t\t<div class=\"elementor-widget-container\">\n\t\t\t\t\t\t\t<div class=\"elementor-divider\">\n\t\t\t<span class=\"elementor-divider-separator\">\n\t\t\t\t\t\t<\/span>\n\t\t<\/div>\n\t\t\t\t\t\t<\/div>\n\t\t\t\t<\/div>\n\t\t\t\t<div class=\"elementor-element elementor-element-6df3dc4 elementor-widget elementor-widget-text-editor\" data-id=\"6df3dc4\" data-element_type=\"widget\" data-widget_type=\"text-editor.default\">\n\t\t\t\t<div class=\"elementor-widget-container\">\n\t\t\t\t\t\t\t\t\t<p>La&nbsp;CONFEDERACI\u00d3N COOPERATIVA DE LA REP\u00daBLICA ARGENTINA &nbsp;es miembro de la&nbsp;<a href=\"https:\/\/ica.coop\/es\/node\/5\" target=\"_blank\" rel=\"noopener noreferrer\">Alianza Cooperativa Internacional<\/a><strong>,&nbsp;<\/strong>que agrupa desde 1895 a m\u00e1s de 300 entidades cooperativas de 100 pa\u00edses.<\/p>\n<p>Part\u00edcipe activo en la Regi\u00f3n continental de la ACI, denominada <a href=\"http:\/\/www.aciamericas.coop\/\" target=\"_blank\" rel=\"noopener noreferrer\">Cooperativas de las Am\u00e9ricas<\/a>, COOPERAR promueve junto al resto de las socias ACI argentinas el involucramiento del movimiento cooperativo nacional en el \u00e1mbito regional y global.&nbsp;&nbsp;<\/p>\t\t\t\t\t\t\t\t<\/div>\n\t\t\t\t<\/div>\n\t\t\t\t\t<\/div>\n\t\t<\/div>\n\t\t\t\t\t<\/div>\n\t\t<\/section>\n\t\t\t\t<section class=\"elementor-section elementor-top-section elementor-element elementor-element-f1b465e elementor-section-boxed elementor-section-height-default elementor-section-height-default\" data-id=\"f1b465e\" data-element_type=\"section\">\n\t\t\t\t\t\t<div class=\"elementor-container elementor-column-gap-default\">\n\t\t\t\t\t<div class=\"elementor-column elementor-col-100 elementor-top-column elementor-element elementor-element-880d485\" data-id=\"880d485\" data-element_type=\"column\">\n\t\t\t<div class=\"elementor-widget-wrap elementor-element-populated\">\n\t\t\t\t\t\t<div class=\"elementor-element elementor-element-6d3eb80 elementor-invisible elementor-widget elementor-widget-heading\" data-id=\"6d3eb80\" data-element_type=\"widget\" data-settings=\"{&quot;_animation&quot;:&quot;slideInLeft&quot;}\" data-widget_type=\"heading.default\">\n\t\t\t\t<div class=\"elementor-widget-container\">\n\t\t\t\t\t<h3 class=\"elementor-heading-title elementor-size-default\">NUESTRA PROPUESTA:<\/h3>\t\t\t\t<\/div>\n\t\t\t\t<\/div>\n\t\t\t\t\t<\/div>\n\t\t<\/div>\n\t\t\t\t\t<\/div>\n\t\t<\/section>\n\t\t\t\t<section class=\"elementor-section elementor-top-section elementor-element elementor-element-b6fbd4f elementor-section-boxed elementor-section-height-default elementor-section-height-default\" data-id=\"b6fbd4f\" data-element_type=\"section\">\n\t\t\t\t\t\t<div class=\"elementor-container elementor-column-gap-default\">\n\t\t\t\t\t<div class=\"elementor-column elementor-col-100 elementor-top-column elementor-element elementor-element-64ff58c\" data-id=\"64ff58c\" data-element_type=\"column\">\n\t\t\t<div class=\"elementor-widget-wrap elementor-element-populated\">\n\t\t\t\t\t\t<div class=\"elementor-element elementor-element-7273124 elementor-widget elementor-widget-heading\" data-id=\"7273124\" data-element_type=\"widget\" data-widget_type=\"heading.default\">\n\t\t\t\t<div class=\"elementor-widget-container\">\n\t\t\t\t\t<h4 class=\"elementor-heading-title elementor-size-default\">Ser protagonistas, a escala mundial, en la construcci\u00f3n democr\u00e1tica y pac\u00edfica de un modelo de desarrollo sostenible y con equidad.<\/h4>\t\t\t\t<\/div>\n\t\t\t\t<\/div>\n\t\t\t\t\t<\/div>\n\t\t<\/div>\n\t\t\t\t\t<\/div>\n\t\t<\/section>\n\t\t\t\t<section class=\"elementor-section elementor-top-section elementor-element elementor-element-a576017 elementor-section-boxed elementor-section-height-default elementor-section-height-default\" data-id=\"a576017\" data-element_type=\"section\">\n\t\t\t\t\t\t<div class=\"elementor-container elementor-column-gap-default\">\n\t\t\t\t\t<div class=\"elementor-column elementor-col-100 elementor-top-column elementor-element elementor-element-de861f1\" data-id=\"de861f1\" data-element_type=\"column\">\n\t\t\t<div class=\"elementor-widget-wrap elementor-element-populated\">\n\t\t\t\t\t\t<div class=\"elementor-element elementor-element-fb49312 elementor-widget-divider--view-line elementor-widget elementor-widget-divider\" data-id=\"fb49312\" data-element_type=\"widget\" data-widget_type=\"divider.default\">\n\t\t\t\t<div class=\"elementor-widget-container\">\n\t\t\t\t\t\t\t<div class=\"elementor-divider\">\n\t\t\t<span class=\"elementor-divider-separator\">\n\t\t\t\t\t\t<\/span>\n\t\t<\/div>\n\t\t\t\t\t\t<\/div>\n\t\t\t\t<\/div>\n\t\t\t\t\t<\/div>\n\t\t<\/div>\n\t\t\t\t\t<\/div>\n\t\t<\/section>\n\t\t\t\t<section class=\"elementor-section elementor-top-section elementor-element elementor-element-f56cf00 elementor-section-boxed elementor-section-height-default elementor-section-height-default\" data-id=\"f56cf00\" data-element_type=\"section\">\n\t\t\t\t\t\t<div class=\"elementor-container elementor-column-gap-default\">\n\t\t\t\t\t<div class=\"elementor-column elementor-col-100 elementor-top-column elementor-element elementor-element-7ef21fe\" data-id=\"7ef21fe\" data-element_type=\"column\">\n\t\t\t<div class=\"elementor-widget-wrap elementor-element-populated\">\n\t\t\t\t\t\t<div class=\"elementor-element elementor-element-fb83a43 elementor-widget elementor-widget-image\" data-id=\"fb83a43\" data-element_type=\"widget\" data-widget_type=\"image.default\">\n\t\t\t\t<div class=\"elementor-widget-container\">\n\t\t\t\t\t\t\t\t\t\t\t\t\t\t\t<img fetchpriority=\"high\" decoding=\"async\" width=\"1024\" height=\"462\" src=\"https:\/\/cooperar.coop\/wp-content\/uploads\/2023\/10\/A-Guarco-DSC_0346-768x629-1.jpg\" class=\"attachment-large size-large wp-image-4680\" alt=\"\" \/>\t\t\t\t\t\t\t\t\t\t\t\t\t\t\t<\/div>\n\t\t\t\t<\/div>\n\t\t\t\t\t<\/div>\n\t\t<\/div>\n\t\t\t\t\t<\/div>\n\t\t<\/section>\n\t\t\t\t<section class=\"elementor-section elementor-top-section elementor-element elementor-element-41987f6 elementor-section-boxed elementor-section-height-default elementor-section-height-default\" data-id=\"41987f6\" data-element_type=\"section\">\n\t\t\t\t\t\t<div class=\"elementor-container elementor-column-gap-default\">\n\t\t\t\t\t<div class=\"elementor-column elementor-col-100 elementor-top-column elementor-element elementor-element-12da755\" data-id=\"12da755\" data-element_type=\"column\">\n\t\t\t<div class=\"elementor-widget-wrap\">\n\t\t\t\t\t\t\t<\/div>\n\t\t<\/div>\n\t\t\t\t\t<\/div>\n\t\t<\/section>\n\t\t\t\t<section class=\"elementor-section elementor-top-section elementor-element elementor-element-ce6ba1e elementor-section-boxed elementor-section-height-default elementor-section-height-default\" data-id=\"ce6ba1e\" data-element_type=\"section\">\n\t\t\t\t\t\t<div class=\"elementor-container elementor-column-gap-default\">\n\t\t\t\t\t<div class=\"elementor-column elementor-col-100 elementor-top-column elementor-element elementor-element-864f5f9\" data-id=\"864f5f9\" data-element_type=\"column\">\n\t\t\t<div class=\"elementor-widget-wrap elementor-element-populated\">\n\t\t\t\t\t\t<div class=\"elementor-element elementor-element-2b6e4bc elementor-widget elementor-widget-spacer\" data-id=\"2b6e4bc\" data-element_type=\"widget\" data-widget_type=\"spacer.default\">\n\t\t\t\t<div class=\"elementor-widget-container\">\n\t\t\t\t\t\t\t<div class=\"elementor-spacer\">\n\t\t\t<div class=\"elementor-spacer-inner\"><\/div>\n\t\t<\/div>\n\t\t\t\t\t\t<\/div>\n\t\t\t\t<\/div>\n\t\t\t\t<div class=\"elementor-element elementor-element-db66923 elementor-widget elementor-widget-text-editor\" data-id=\"db66923\" data-element_type=\"widget\" data-widget_type=\"text-editor.default\">\n\t\t\t\t<div class=\"elementor-widget-container\">\n\t\t\t\t\t\t\t\t\t<p><a href=\"https:\/\/arielguarco.coop\/\" target=\"_blank\" rel=\"noopener\"><strong>Ariel Guarco<\/strong><\/a> es un l\u00edder cooperativista que ha contribuido al desarrollo del movimiento cooperativo desde su juventud.<\/p><p>Su participaci\u00f3n activa en el cooperativismo se forj\u00f3 en los a\u00f1os noventa a partir de su inserci\u00f3n en la Cooperativa El\u00e9ctrica de Coronel Pringles, una peque\u00f1a ciudad en el sur de la Provincia de Buenos Aires, Argentina.<\/p><p>Luego de ser electo para presidir esa entidad, en 2008 se convirti\u00f3 en la m\u00e1xima autoridad de la Federaci\u00f3n de Cooperativas El\u00e9ctricas y de Servicios P\u00fablicos de esa provincia (Fedecoba).<\/p><p>En 2011, las organizaciones asociadas a la Confederaci\u00f3n Cooperativa de la Rep\u00fablica Argentina (Cooperar), organismo c\u00fapula del cooperativismo argentino, lo eligieron presidente.<\/p><p>Ejerci\u00f3, adem\u00e1s, entre noviembre de 2014 y octubre de 2018, la vicepresidencia segunda de Cooperativas de las Am\u00e9ricas.<\/p><p>Fue electo presidente de la Alianza Cooperativa Internacional en noviembre de 2017, en la asamblea general realizada en Kuala Lumpur, Malasia; y reelecto en la asamblea realizada en Sevilla, Espa\u00f1a, en junio de 2022.<\/p><p>Brinda habitualmente conferencias magistrales y realiza presentaciones en distintos \u00e1mbitos, acad\u00e9micos, gremiales e institucionales.<\/p><p>Ha escrito numerosos art\u00edculos y es autor de dos libros: El Cooperativismo Argentino, Una Esperanzadora Mirada al Futuro (2013) y Principios Cooperativos en Acci\u00f3n frente a los Desaf\u00edos de la Agenda Global (2020).<\/p>\t\t\t\t\t\t\t\t<\/div>\n\t\t\t\t<\/div>\n\t\t\t\t\t<\/div>\n\t\t<\/div>\n\t\t\t\t\t<\/div>\n\t\t<\/section>\n\t\t\t\t<\/div>\n\t\t","protected":false},"excerpt":{"rendered":"<p>INTERNACIONAL La&nbsp;CONFEDERACI\u00d3N COOPERATIVA DE LA REP\u00daBLICA ARGENTINA &nbsp;es miembro de la&nbsp;Alianza Cooperativa Internacional,&nbsp;que agrupa desde 1895 a m\u00e1s de 300 entidades cooperativas de 100 pa\u00edses. Part\u00edcipe activo en la Regi\u00f3n continental de la ACI, denominada Cooperativas de las Am\u00e9ricas, COOPERAR promueve junto al resto de las socias ACI argentinas el involucramiento del movimiento cooperativo nacional [&hellip;]<\/p>\n","protected":false},"author":2,"featured_media":0,"parent":0,"menu_order":0,"comment_status":"closed","ping_status":"closed","template":"","meta":{"site-sidebar-layout":"default","site-content-layout":"","ast-site-content-layout":"","site-content-style":"default","site-sidebar-style":"default","ast-global-header-display":"","ast-banner-title-visibility":"","ast-main-header-display":"","ast-hfb-above-header-display":"","ast-hfb-below-header-display":"","ast-hfb-mobile-header-display":"","site-post-title":"disabled","ast-breadcrumbs-content":"","ast-featured-img":"","footer-sml-layout":"","theme-transparent-header-meta":"","adv-header-id-meta":"","stick-header-meta":"","header-above-stick-meta":"","header-main-stick-meta":"","header-below-stick-meta":"","astra-migrate-meta-layouts":"","ast-page-background-enabled":"default","ast-page-background-meta":{"desktop":{"background-color":"var(--ast-global-color-4)","background-image":"","background-repeat":"repeat","background-position":"center center","background-size":"auto","background-attachment":"scroll","background-type":"","background-media":"","overlay-type":"","overlay-color":"","overlay-opacity":"","overlay-gradient":""},"tablet":{"background-color":"","background-image":"","background-repeat":"repeat","background-position":"center center","background-size":"auto","background-attachment":"scroll","background-type":"","background-media":"","overlay-type":"","overlay-color":"","overlay-opacity":"","overlay-gradient":""},"mobile":{"background-color":"","background-image":"","background-repeat":"repeat","background-position":"center center","background-size":"auto","background-attachment":"scroll","background-type":"","background-media":"","overlay-type":"","overlay-color":"","overlay-opacity":"","overlay-gradient":""}},"ast-content-background-meta":{"desktop":{"background-color":"var(--ast-global-color-5)","background-image":"","background-repeat":"repeat","background-position":"center center","background-size":"auto","background-attachment":"scroll","background-type":"","background-media":"","overlay-type":"","overlay-color":"","overlay-opacity":"","overlay-gradient":""},"tablet":{"background-color":"var(--ast-global-color-5)","background-image":"","background-repeat":"repeat","background-position":"center center","background-size":"auto","background-attachment":"scroll","background-type":"","background-media":"","overlay-type":"","overlay-color":"","overlay-opacity":"","overlay-gradient":""},"mobile":{"background-color":"var(--ast-global-color-5)","background-image":"","background-repeat":"repeat","background-position":"center center","background-size":"auto","background-attachment":"scroll","background-type":"","background-media":"","overlay-type":"","overlay-color":"","overlay-opacity":"","overlay-gradient":""}},"footnotes":""},"class_list":["post-209","page","type-page","status-publish","hentry"],"_links":{"self":[{"href":"https:\/\/cooperar.coop\/index.php?rest_route=\/wp\/v2\/pages\/209","targetHints":{"allow":["GET"]}}],"collection":[{"href":"https:\/\/cooperar.coop\/index.php?rest_route=\/wp\/v2\/pages"}],"about":[{"href":"https:\/\/cooperar.coop\/index.php?rest_route=\/wp\/v2\/types\/page"}],"author":[{"embeddable":true,"href":"https:\/\/cooperar.coop\/index.php?rest_route=\/wp\/v2\/users\/2"}],"replies":[{"embeddable":true,"href":"https:\/\/cooperar.coop\/index.php?rest_route=%2Fwp%2Fv2%2Fcomments&post=209"}],"version-history":[{"count":80,"href":"https:\/\/cooperar.coop\/index.php?rest_route=\/wp\/v2\/pages\/209\/revisions"}],"predecessor-version":[{"id":6308,"href":"https:\/\/cooperar.coop\/index.php?rest_route=\/wp\/v2\/pages\/209\/revisions\/6308"}],"wp:attachment":[{"href":"https:\/\/cooperar.coop\/index.php?rest_route=%2Fwp%2Fv2%2Fmedia&parent=209"}],"curies":[{"name":"wp","href":"https:\/\/api.w.org\/{rel}","templated":true}]}}