{"id":513,"date":"2017-06-13T12:40:17","date_gmt":"2017-06-13T12:40:17","guid":{"rendered":"https:\/\/cooperar.coop\/?page_id=513"},"modified":"2023-12-12T11:22:52","modified_gmt":"2023-12-12T14:22:52","slug":"confederacion","status":"publish","type":"page","link":"https:\/\/cooperar.coop\/?page_id=513","title":{"rendered":"Confederaci\u00f3n"},"content":{"rendered":"\t\t<div data-elementor-type=\"wp-page\" data-elementor-id=\"513\" class=\"elementor elementor-513\" data-elementor-post-type=\"page\">\n\t\t\t\t\t\t<section class=\"elementor-section elementor-top-section elementor-element elementor-element-8089e58 elementor-section-full_width elementor-section-stretched elementor-section-height-default elementor-section-height-default\" data-id=\"8089e58\" data-element_type=\"section\" data-e-type=\"section\" data-settings=\"{&quot;stretch_section&quot;:&quot;section-stretched&quot;}\">\n\t\t\t\t\t\t<div class=\"elementor-container elementor-column-gap-no\">\n\t\t\t\t\t<div class=\"elementor-column elementor-col-100 elementor-top-column elementor-element elementor-element-7a0bed4\" data-id=\"7a0bed4\" data-element_type=\"column\" data-e-type=\"column\">\n\t\t\t<div class=\"elementor-widget-wrap elementor-element-populated\">\n\t\t\t\t\t\t<div class=\"elementor-element elementor-element-ef31dfc elementor-widget elementor-widget-image\" data-id=\"ef31dfc\" data-element_type=\"widget\" data-e-type=\"widget\" data-widget_type=\"image.default\">\n\t\t\t\t<div class=\"elementor-widget-container\">\n\t\t\t\t\t\t\t\t\t\t\t\t\t\t\t<img fetchpriority=\"high\" decoding=\"async\" width=\"1024\" height=\"338\" src=\"https:\/\/cooperar.coop\/wp-content\/uploads\/2023\/12\/20230713_120105-1024x338.webp\" class=\"attachment-large size-large wp-image-6276\" alt=\"\" srcset=\"https:\/\/cooperar.coop\/wp-content\/uploads\/2023\/12\/20230713_120105-1024x338.webp 1024w, https:\/\/cooperar.coop\/wp-content\/uploads\/2023\/12\/20230713_120105-300x99.webp 300w, https:\/\/cooperar.coop\/wp-content\/uploads\/2023\/12\/20230713_120105-768x254.webp 768w, https:\/\/cooperar.coop\/wp-content\/uploads\/2023\/12\/20230713_120105-1536x507.webp 1536w, https:\/\/cooperar.coop\/wp-content\/uploads\/2023\/12\/20230713_120105-2048x676.webp 2048w\" sizes=\"(max-width: 1024px) 100vw, 1024px\" \/>\t\t\t\t\t\t\t\t\t\t\t\t\t\t\t<\/div>\n\t\t\t\t<\/div>\n\t\t\t\t\t<\/div>\n\t\t<\/div>\n\t\t\t\t\t<\/div>\n\t\t<\/section>\n\t\t\t\t<section class=\"elementor-section elementor-top-section elementor-element elementor-element-587a4db elementor-section-boxed elementor-section-height-default elementor-section-height-default\" data-id=\"587a4db\" data-element_type=\"section\" data-e-type=\"section\">\n\t\t\t\t\t\t<div class=\"elementor-container elementor-column-gap-default\">\n\t\t\t\t\t<div class=\"elementor-column elementor-col-100 elementor-top-column elementor-element elementor-element-df7a045\" data-id=\"df7a045\" data-element_type=\"column\" data-e-type=\"column\">\n\t\t\t<div class=\"elementor-widget-wrap elementor-element-populated\">\n\t\t\t\t\t\t<div class=\"elementor-element elementor-element-ea3da6d elementor-widget elementor-widget-spacer\" data-id=\"ea3da6d\" data-element_type=\"widget\" data-e-type=\"widget\" data-widget_type=\"spacer.default\">\n\t\t\t\t<div class=\"elementor-widget-container\">\n\t\t\t\t\t\t\t<div class=\"elementor-spacer\">\n\t\t\t<div class=\"elementor-spacer-inner\"><\/div>\n\t\t<\/div>\n\t\t\t\t\t\t<\/div>\n\t\t\t\t<\/div>\n\t\t\t\t\t<\/div>\n\t\t<\/div>\n\t\t\t\t\t<\/div>\n\t\t<\/section>\n\t\t\t\t<section class=\"elementor-section elementor-top-section elementor-element elementor-element-734ed2e elementor-section-boxed elementor-section-height-default elementor-section-height-default\" data-id=\"734ed2e\" data-element_type=\"section\" data-e-type=\"section\">\n\t\t\t\t\t\t<div class=\"elementor-container elementor-column-gap-default\">\n\t\t\t\t\t<div class=\"elementor-column elementor-col-100 elementor-top-column elementor-element elementor-element-cc1db92\" data-id=\"cc1db92\" data-element_type=\"column\" data-e-type=\"column\">\n\t\t\t<div class=\"elementor-widget-wrap elementor-element-populated\">\n\t\t\t\t\t\t<div class=\"elementor-element elementor-element-6911b48 elementor-widget elementor-widget-heading\" data-id=\"6911b48\" data-element_type=\"widget\" data-e-type=\"widget\" data-widget_type=\"heading.default\">\n\t\t\t\t<div class=\"elementor-widget-container\">\n\t\t\t\t\t<h5 class=\"elementor-heading-title elementor-size-default\">\u00bfQU\u00c9 ES COOPERAR?<\/h5>\t\t\t\t<\/div>\n\t\t\t\t<\/div>\n\t\t\t\t\t<\/div>\n\t\t<\/div>\n\t\t\t\t\t<\/div>\n\t\t<\/section>\n\t\t\t\t<section class=\"elementor-section elementor-top-section elementor-element elementor-element-1dae665 elementor-section-boxed elementor-section-height-default elementor-section-height-default\" data-id=\"1dae665\" data-element_type=\"section\" data-e-type=\"section\">\n\t\t\t\t\t\t<div class=\"elementor-container elementor-column-gap-default\">\n\t\t\t\t\t<div class=\"elementor-column elementor-col-100 elementor-top-column elementor-element elementor-element-620229a\" data-id=\"620229a\" data-element_type=\"column\" data-e-type=\"column\">\n\t\t\t<div class=\"elementor-widget-wrap elementor-element-populated\">\n\t\t\t\t\t\t<div class=\"elementor-element elementor-element-a6cf87b elementor-widget elementor-widget-heading\" data-id=\"a6cf87b\" data-element_type=\"widget\" data-e-type=\"widget\" data-widget_type=\"heading.default\">\n\t\t\t\t<div class=\"elementor-widget-container\">\n\t\t\t\t\t<h1 class=\"elementor-heading-title elementor-size-default\">CONFEDERACI\u00d3N<\/h1>\t\t\t\t<\/div>\n\t\t\t\t<\/div>\n\t\t\t\t\t<\/div>\n\t\t<\/div>\n\t\t\t\t\t<\/div>\n\t\t<\/section>\n\t\t\t\t<section class=\"elementor-section elementor-top-section elementor-element elementor-element-6f01a4b elementor-section-boxed elementor-section-height-default elementor-section-height-default\" data-id=\"6f01a4b\" data-element_type=\"section\" data-e-type=\"section\">\n\t\t\t\t\t\t<div class=\"elementor-container elementor-column-gap-default\">\n\t\t\t\t\t<div class=\"elementor-column elementor-col-100 elementor-top-column elementor-element elementor-element-671c093\" data-id=\"671c093\" data-element_type=\"column\" data-e-type=\"column\">\n\t\t\t<div class=\"elementor-widget-wrap elementor-element-populated\">\n\t\t\t\t\t\t<div class=\"elementor-element elementor-element-efbba7c elementor-widget-divider--view-line elementor-widget elementor-widget-divider\" data-id=\"efbba7c\" data-element_type=\"widget\" data-e-type=\"widget\" data-widget_type=\"divider.default\">\n\t\t\t\t<div class=\"elementor-widget-container\">\n\t\t\t\t\t\t\t<div class=\"elementor-divider\">\n\t\t\t<span class=\"elementor-divider-separator\">\n\t\t\t\t\t\t<\/span>\n\t\t<\/div>\n\t\t\t\t\t\t<\/div>\n\t\t\t\t<\/div>\n\t\t\t\t\t<\/div>\n\t\t<\/div>\n\t\t\t\t\t<\/div>\n\t\t<\/section>\n\t\t\t\t<section class=\"elementor-section elementor-top-section elementor-element elementor-element-6c3a37a elementor-section-boxed elementor-section-height-default elementor-section-height-default\" data-id=\"6c3a37a\" data-element_type=\"section\" data-e-type=\"section\">\n\t\t\t\t\t\t<div class=\"elementor-container elementor-column-gap-default\">\n\t\t\t\t\t<div class=\"elementor-column elementor-col-100 elementor-top-column elementor-element elementor-element-6641837\" data-id=\"6641837\" data-element_type=\"column\" data-e-type=\"column\">\n\t\t\t<div class=\"elementor-widget-wrap elementor-element-populated\">\n\t\t\t\t\t\t<div class=\"elementor-element elementor-element-1df2d1b elementor-widget__width-initial elementor-widget elementor-widget-text-editor\" data-id=\"1df2d1b\" data-element_type=\"widget\" data-e-type=\"widget\" data-widget_type=\"text-editor.default\">\n\t\t\t\t<div class=\"elementor-widget-container\">\n\t\t\t\t\t\t\t\t\t<p>Somos la <strong>CONFEDERACI\u00d3N COOPERATIVA DE LA REP\u00daBLICA ARGENTINA<\/strong>, una entidad de tercer grado\u2026<\/p>\t\t\t\t\t\t\t\t<\/div>\n\t\t\t\t<\/div>\n\t\t\t\t\t<\/div>\n\t\t<\/div>\n\t\t\t\t\t<\/div>\n\t\t<\/section>\n\t\t\t\t<section class=\"elementor-section elementor-top-section elementor-element elementor-element-1707894 elementor-section-boxed elementor-section-height-default elementor-section-height-default\" data-id=\"1707894\" data-element_type=\"section\" data-e-type=\"section\">\n\t\t\t\t\t\t<div class=\"elementor-container elementor-column-gap-default\">\n\t\t\t\t\t<div class=\"elementor-column elementor-col-100 elementor-top-column elementor-element elementor-element-32d95f3\" data-id=\"32d95f3\" data-element_type=\"column\" data-e-type=\"column\">\n\t\t\t<div class=\"elementor-widget-wrap elementor-element-populated\">\n\t\t\t\t\t\t<div class=\"elementor-element elementor-element-63472db elementor-widget elementor-widget-text-editor\" data-id=\"63472db\" data-element_type=\"widget\" data-e-type=\"widget\" data-widget_type=\"text-editor.default\">\n\t\t\t\t<div class=\"elementor-widget-container\">\n\t\t\t\t\t\t\t\t\t<p><strong>Con 60 a\u00f1os de trayectoria.<\/strong><br \/>\u2022 Conformada por m\u00e1s de 70 entidades.<br \/>\u2022 L\u00edder del movimiento cooperativo en el Mundo.<\/p><p><strong>Nuestras entidades asociadas y adherentes\u2026<\/strong><br \/>\u2022 Participan en 15 sectores de la econom\u00eda nacional.<br \/>\u2022 Est\u00e1n presentes en todas las regiones del pa\u00eds.<br \/>\u2022 Representan aproximadamente 5 mil cooperativas.<\/p><p><strong>Las organizaciones y empresas que representamos\u2026<\/strong><br \/>\u2022 Producen y brindan servicios para unos 10 millones de argentinos.<br \/>\u2022 Son socialmente responsables y econ\u00f3micamente eficientes.<br \/>\u2022 Generan desarrollo sostenible en cada territorio donde est\u00e1n insertas.<\/p>\t\t\t\t\t\t\t\t<\/div>\n\t\t\t\t<\/div>\n\t\t\t\t\t<\/div>\n\t\t<\/div>\n\t\t\t\t\t<\/div>\n\t\t<\/section>\n\t\t\t\t<section class=\"elementor-section elementor-top-section elementor-element elementor-element-beb9a3b elementor-section-boxed elementor-section-height-default elementor-section-height-default\" data-id=\"beb9a3b\" data-element_type=\"section\" data-e-type=\"section\">\n\t\t\t\t\t\t<div class=\"elementor-container elementor-column-gap-default\">\n\t\t\t\t\t<div class=\"elementor-column elementor-col-100 elementor-top-column elementor-element elementor-element-7bea66b\" data-id=\"7bea66b\" data-element_type=\"column\" data-e-type=\"column\">\n\t\t\t<div class=\"elementor-widget-wrap elementor-element-populated\">\n\t\t\t\t\t\t<div class=\"elementor-element elementor-element-bff6607 elementor-widget elementor-widget-image\" data-id=\"bff6607\" data-element_type=\"widget\" data-e-type=\"widget\" data-widget_type=\"image.default\">\n\t\t\t\t<div class=\"elementor-widget-container\">\n\t\t\t\t\t\t\t\t\t\t\t\t\t\t\t<img decoding=\"async\" width=\"1024\" height=\"390\" src=\"https:\/\/cooperar.coop\/wp-content\/uploads\/2023\/10\/bannerfederaciones-transformed.png\" class=\"attachment-large size-large wp-image-4764\" alt=\"\" \/>\t\t\t\t\t\t\t\t\t\t\t\t\t\t\t<\/div>\n\t\t\t\t<\/div>\n\t\t\t\t\t<\/div>\n\t\t<\/div>\n\t\t\t\t\t<\/div>\n\t\t<\/section>\n\t\t\t\t<section class=\"elementor-section elementor-top-section elementor-element elementor-element-43204ca elementor-section-boxed elementor-section-height-default elementor-section-height-default\" data-id=\"43204ca\" data-element_type=\"section\" data-e-type=\"section\">\n\t\t\t\t\t\t<div class=\"elementor-container elementor-column-gap-default\">\n\t\t\t\t\t<div class=\"elementor-column elementor-col-100 elementor-top-column elementor-element elementor-element-45ab11e\" data-id=\"45ab11e\" data-element_type=\"column\" data-e-type=\"column\">\n\t\t\t<div class=\"elementor-widget-wrap elementor-element-populated\">\n\t\t\t\t\t\t<div class=\"elementor-element elementor-element-6d18eb6 elementor-widget elementor-widget-text-editor\" data-id=\"6d18eb6\" data-element_type=\"widget\" data-e-type=\"widget\" data-widget_type=\"text-editor.default\">\n\t\t\t\t<div class=\"elementor-widget-container\">\n\t\t\t\t\t\t\t\t\t<p>La<strong>\u00a0Confederaci\u00f3n Cooperativa de la Rep\u00fablica Argentina (COOPERAR<\/strong>) es una entidad representativa de la econom\u00eda solidaria argentina, referencia para la Alianza Cooperativa Internacional por su desarrollo a nivel regional y que desde hace 70 a\u00f1os viene integrando a organizaciones de servicios p\u00fablicos, consumo, educaci\u00f3n, salud, turismo, ahorro y cr\u00e9dito, producci\u00f3n y vivienda, entre otros rubros que hacen a la vida cotidiana de m\u00e1s de 10 millones de argentinos.<\/p><p>Actualmente nuclea a 76 entidades que representan en total a unas 5 mil entidades de base. Se trata de empresas arraigadas hace d\u00e9cadas en ciudades y peque\u00f1as localidades de nuestro pa\u00eds. Nutrida por el aporte de esas asociadas y el asesoramiento de expertos, asiste y capacita en cuestiones legales, administrativas y financieras.<\/p><p>Junto con las confederaciones hermanas de cooperativas y mutuales y en alianza con el Estado a trav\u00e9s del Instituto Nacional de Asociativismo y Econom\u00eda Social (Inaes), desarrolla pol\u00edticas integrales hacia adentro y hacia afuera del sector.<\/p><p>La integraci\u00f3n sectorial la ubica como protagonista indiscutible de la coyuntura nacional y regional, debido a que representa a usuarios de las empresas de servicios p\u00fablicos organizados; a consumidores asociados; a trabajadores que autogestionan sus empresas; a productores de las econom\u00edas regionales y a miles de personas que se relacionan con las empresas asociativas argentinas.<\/p><p>Junto con las confederaciones hermanas de cooperativas y mutuales y en alianza con el Estado a trav\u00e9s del Instituto Nacional de Asociativismo y Econom\u00eda Social (Inaes), desarrolla pol\u00edticas integrales hacia adentro y hacia afuera del sector.\u00a0<br \/>Impulsa desde 2016 la Red de Municipios Cooperativos, que integra a m\u00e1s de 70 localidades donde los gobiernos locales y las entidades de la econom\u00eda social comprometidos con el desarrollo local sostenible, el compre cooperativo y local, la educaci\u00f3n cooperativa y el cuidado cooperativo del ambiente y la salud.<\/p><p>Finalmente, Cooperar tiene una larga trayectoria de participaci\u00f3n en el movimiento cooperativo a nivel internacional. Como consecuencia de ello y acompa\u00f1ada por otras entidades insignia del cooperativismo argentino y americano, su propuesta para liderar la Alianza Cooperativa Internacional fue votada en 2017 y ratificada en 2022, con el presidente de la Confederaci\u00f3n,\u00a0<a href=\"https:\/\/www.arielguarco.coop\/\" target=\"_blank\" rel=\"noreferrer noopener\">Ariel Guarco<\/a>, a la cabeza.\u00a0<\/p><p>En la regional de la ACI -Cooperativas de las Am\u00e9ricas- el secretario de la Confederaci\u00f3n, Ricardo L\u00f3pez, integra el comit\u00e9 ejecutivo. El tesorero, Cristian Horton, es presidente de Cicopa Am\u00e9rica. El secretario de Relaciones Internacionales, Carlos Andr\u00e9s Mansilla, y la prosecretaria de Relaciones Internacionales, Gisela Wild, integran la Red de Vivienda y\u00a0el Comit\u00e9 de Equidad de G\u00e9nero regionales, respectivamente. \u00c1ngel Echarren y H\u00e9ctor Jacquet, referentes de federaciones asociadas a Cooperar, lideran sendas redes de servicios p\u00fablicos y de consumo, respectivamente.\u00a0<\/p>\t\t\t\t\t\t\t\t<\/div>\n\t\t\t\t<\/div>\n\t\t\t\t\t<\/div>\n\t\t<\/div>\n\t\t\t\t\t<\/div>\n\t\t<\/section>\n\t\t\t\t<section class=\"elementor-section elementor-top-section elementor-element elementor-element-218b36f elementor-section-boxed elementor-section-height-default elementor-section-height-default\" data-id=\"218b36f\" data-element_type=\"section\" data-e-type=\"section\">\n\t\t\t\t\t\t<div class=\"elementor-container elementor-column-gap-default\">\n\t\t\t\t\t<div class=\"elementor-column elementor-col-100 elementor-top-column elementor-element elementor-element-0dfb008\" data-id=\"0dfb008\" data-element_type=\"column\" data-e-type=\"column\">\n\t\t\t<div class=\"elementor-widget-wrap elementor-element-populated\">\n\t\t\t\t\t\t<div class=\"elementor-element elementor-element-21ee6e0 elementor-widget elementor-widget-image\" data-id=\"21ee6e0\" data-element_type=\"widget\" data-e-type=\"widget\" data-widget_type=\"image.default\">\n\t\t\t\t<div class=\"elementor-widget-container\">\n\t\t\t\t\t\t\t\t\t\t\t\t\t\t\t<img decoding=\"async\" src=\"https:\/\/cooperar.coop\/wp-content\/uploads\/2023\/12\/WhatsApp-Image-2023-11-29-at-20.47.24.jpeg\" title=\"WhatsApp Image 2023-11-29 at 20.47.24\" alt=\"WhatsApp Image 2023-11-29 at 20.47.24\" loading=\"lazy\" \/>\t\t\t\t\t\t\t\t\t\t\t\t\t\t\t<\/div>\n\t\t\t\t<\/div>\n\t\t\t\t\t<\/div>\n\t\t<\/div>\n\t\t\t\t\t<\/div>\n\t\t<\/section>\n\t\t\t\t<section class=\"elementor-section elementor-top-section elementor-element elementor-element-e02db9f elementor-section-boxed elementor-section-height-default elementor-section-height-default\" data-id=\"e02db9f\" data-element_type=\"section\" data-e-type=\"section\">\n\t\t\t\t\t\t<div class=\"elementor-container elementor-column-gap-default\">\n\t\t\t\t\t<div class=\"elementor-column elementor-col-100 elementor-top-column elementor-element elementor-element-ba0788f\" data-id=\"ba0788f\" data-element_type=\"column\" data-e-type=\"column\">\n\t\t\t<div class=\"elementor-widget-wrap elementor-element-populated\">\n\t\t\t\t\t\t<div class=\"elementor-element elementor-element-b3b0bd9 elementor-widget elementor-widget-spacer\" data-id=\"b3b0bd9\" data-element_type=\"widget\" data-e-type=\"widget\" data-widget_type=\"spacer.default\">\n\t\t\t\t<div class=\"elementor-widget-container\">\n\t\t\t\t\t\t\t<div class=\"elementor-spacer\">\n\t\t\t<div class=\"elementor-spacer-inner\"><\/div>\n\t\t<\/div>\n\t\t\t\t\t\t<\/div>\n\t\t\t\t<\/div>\n\t\t\t\t\t<\/div>\n\t\t<\/div>\n\t\t\t\t\t<\/div>\n\t\t<\/section>\n\t\t\t\t<\/div>\n\t\t","protected":false},"excerpt":{"rendered":"<p>\u00bfQU\u00c9 ES COOPERAR? CONFEDERACI\u00d3N Somos la CONFEDERACI\u00d3N COOPERATIVA DE LA REP\u00daBLICA ARGENTINA, una entidad de tercer grado\u2026 Con 60 a\u00f1os de trayectoria.\u2022 Conformada por m\u00e1s de 70 entidades.\u2022 L\u00edder del movimiento cooperativo en el Mundo. Nuestras entidades asociadas y adherentes\u2026\u2022 Participan en 15 sectores de la econom\u00eda nacional.\u2022 Est\u00e1n presentes en todas las regiones del [&hellip;]<\/p>\n","protected":false},"author":2,"featured_media":0,"parent":0,"menu_order":0,"comment_status":"closed","ping_status":"closed","template":"","meta":{"site-sidebar-layout":"default","site-content-layout":"","ast-site-content-layout":"","site-content-style":"default","site-sidebar-style":"default","ast-global-header-display":"","ast-banner-title-visibility":"","ast-main-header-display":"","ast-hfb-above-header-display":"","ast-hfb-below-header-display":"","ast-hfb-mobile-header-display":"","site-post-title":"disabled","ast-breadcrumbs-content":"","ast-featured-img":"","footer-sml-layout":"","theme-transparent-header-meta":"","adv-header-id-meta":"","stick-header-meta":"","header-above-stick-meta":"","header-main-stick-meta":"","header-below-stick-meta":"","astra-migrate-meta-layouts":"","ast-page-background-enabled":"default","ast-page-background-meta":{"desktop":{"background-color":"var(--ast-global-color-4)","background-image":"","background-repeat":"repeat","background-position":"center center","background-size":"auto","background-attachment":"scroll","background-type":"","background-media":"","overlay-type":"","overlay-color":"","overlay-opacity":"","overlay-gradient":""},"tablet":{"background-color":"","background-image":"","background-repeat":"repeat","background-position":"center center","background-size":"auto","background-attachment":"scroll","background-type":"","background-media":"","overlay-type":"","overlay-color":"","overlay-opacity":"","overlay-gradient":""},"mobile":{"background-color":"","background-image":"","background-repeat":"repeat","background-position":"center center","background-size":"auto","background-attachment":"scroll","background-type":"","background-media":"","overlay-type":"","overlay-color":"","overlay-opacity":"","overlay-gradient":""}},"ast-content-background-meta":{"desktop":{"background-color":"var(--ast-global-color-5)","background-image":"","background-repeat":"repeat","background-position":"center center","background-size":"auto","background-attachment":"scroll","background-type":"","background-media":"","overlay-type":"","overlay-color":"","overlay-opacity":"","overlay-gradient":""},"tablet":{"background-color":"var(--ast-global-color-5)","background-image":"","background-repeat":"repeat","background-position":"center center","background-size":"auto","background-attachment":"scroll","background-type":"","background-media":"","overlay-type":"","overlay-color":"","overlay-opacity":"","overlay-gradient":""},"mobile":{"background-color":"var(--ast-global-color-5)","background-image":"","background-repeat":"repeat","background-position":"center center","background-size":"auto","background-attachment":"scroll","background-type":"","background-media":"","overlay-type":"","overlay-color":"","overlay-opacity":"","overlay-gradient":""}},"footnotes":""},"class_list":["post-513","page","type-page","status-publish","hentry"],"_links":{"self":[{"href":"https:\/\/cooperar.coop\/index.php?rest_route=\/wp\/v2\/pages\/513","targetHints":{"allow":["GET"]}}],"collection":[{"href":"https:\/\/cooperar.coop\/index.php?rest_route=\/wp\/v2\/pages"}],"about":[{"href":"https:\/\/cooperar.coop\/index.php?rest_route=\/wp\/v2\/types\/page"}],"author":[{"embeddable":true,"href":"https:\/\/cooperar.coop\/index.php?rest_route=\/wp\/v2\/users\/2"}],"replies":[{"embeddable":true,"href":"https:\/\/cooperar.coop\/index.php?rest_route=%2Fwp%2Fv2%2Fcomments&post=513"}],"version-history":[{"count":153,"href":"https:\/\/cooperar.coop\/index.php?rest_route=\/wp\/v2\/pages\/513\/revisions"}],"predecessor-version":[{"id":6290,"href":"https:\/\/cooperar.coop\/index.php?rest_route=\/wp\/v2\/pages\/513\/revisions\/6290"}],"wp:attachment":[{"href":"https:\/\/cooperar.coop\/index.php?rest_route=%2Fwp%2Fv2%2Fmedia&parent=513"}],"curies":[{"name":"wp","href":"https:\/\/api.w.org\/{rel}","templated":true}]}}