{"id":55,"date":"2017-05-10T12:22:32","date_gmt":"2017-05-10T12:22:32","guid":{"rendered":"http:\/\/c0340450.ferozo.com\/?page_id=55"},"modified":"2023-11-14T01:21:45","modified_gmt":"2023-11-14T04:21:45","slug":"historia","status":"publish","type":"page","link":"https:\/\/cooperar.coop\/?page_id=55","title":{"rendered":"Historia"},"content":{"rendered":"\t\t<div data-elementor-type=\"wp-page\" data-elementor-id=\"55\" class=\"elementor elementor-55\" data-elementor-post-type=\"page\">\n\t\t\t\t\t\t<section class=\"elementor-section elementor-top-section elementor-element elementor-element-5cdcdc8 elementor-section-full_width elementor-section-stretched elementor-section-height-default elementor-section-height-default\" data-id=\"5cdcdc8\" data-element_type=\"section\" data-settings=\"{&quot;stretch_section&quot;:&quot;section-stretched&quot;}\">\n\t\t\t\t\t\t<div class=\"elementor-container elementor-column-gap-no\">\n\t\t\t\t\t<div class=\"elementor-column elementor-col-100 elementor-top-column elementor-element elementor-element-3ad59a7\" data-id=\"3ad59a7\" data-element_type=\"column\">\n\t\t\t<div class=\"elementor-widget-wrap elementor-element-populated\">\n\t\t\t\t\t\t<div class=\"elementor-element elementor-element-0121e1c elementor-widget elementor-widget-image\" data-id=\"0121e1c\" data-element_type=\"widget\" data-widget_type=\"image.default\">\n\t\t\t\t<div class=\"elementor-widget-container\">\n\t\t\t\t\t\t\t\t\t\t\t\t\t\t\t<img fetchpriority=\"high\" decoding=\"async\" width=\"1024\" height=\"462\" src=\"https:\/\/cooperar.coop\/wp-content\/uploads\/2023\/10\/FOTO018-transformed.jpg\" class=\"attachment-large size-large wp-image-4791\" alt=\"\" \/>\t\t\t\t\t\t\t\t\t\t\t\t\t\t\t<\/div>\n\t\t\t\t<\/div>\n\t\t\t\t\t<\/div>\n\t\t<\/div>\n\t\t\t\t\t<\/div>\n\t\t<\/section>\n\t\t\t\t<section class=\"elementor-section elementor-top-section elementor-element elementor-element-1913300 elementor-section-boxed elementor-section-height-default elementor-section-height-default\" data-id=\"1913300\" data-element_type=\"section\">\n\t\t\t\t\t\t<div class=\"elementor-container elementor-column-gap-default\">\n\t\t\t\t\t<div class=\"elementor-column elementor-col-100 elementor-top-column elementor-element elementor-element-30822f9\" data-id=\"30822f9\" data-element_type=\"column\">\n\t\t\t<div class=\"elementor-widget-wrap elementor-element-populated\">\n\t\t\t\t\t\t<div class=\"elementor-element elementor-element-aecc93d elementor-widget elementor-widget-spacer\" data-id=\"aecc93d\" data-element_type=\"widget\" data-widget_type=\"spacer.default\">\n\t\t\t\t<div class=\"elementor-widget-container\">\n\t\t\t\t\t\t\t<div class=\"elementor-spacer\">\n\t\t\t<div class=\"elementor-spacer-inner\"><\/div>\n\t\t<\/div>\n\t\t\t\t\t\t<\/div>\n\t\t\t\t<\/div>\n\t\t\t\t\t<\/div>\n\t\t<\/div>\n\t\t\t\t\t<\/div>\n\t\t<\/section>\n\t\t\t\t<section class=\"elementor-section elementor-top-section elementor-element elementor-element-ff74497 elementor-section-boxed elementor-section-height-default elementor-section-height-default\" data-id=\"ff74497\" data-element_type=\"section\">\n\t\t\t\t\t\t<div class=\"elementor-container elementor-column-gap-default\">\n\t\t\t\t\t<div class=\"elementor-column elementor-col-100 elementor-top-column elementor-element elementor-element-1e9003e\" data-id=\"1e9003e\" data-element_type=\"column\">\n\t\t\t<div class=\"elementor-widget-wrap elementor-element-populated\">\n\t\t\t\t\t\t<div class=\"elementor-element elementor-element-1d360ff elementor-widget elementor-widget-heading\" data-id=\"1d360ff\" data-element_type=\"widget\" data-widget_type=\"heading.default\">\n\t\t\t\t<div class=\"elementor-widget-container\">\n\t\t\t\t\t<h5 class=\"elementor-heading-title elementor-size-default\">\u00bfQU\u00c9 ES COOPERAR?<\/h5>\t\t\t\t<\/div>\n\t\t\t\t<\/div>\n\t\t\t\t\t<\/div>\n\t\t<\/div>\n\t\t\t\t\t<\/div>\n\t\t<\/section>\n\t\t\t\t<section class=\"elementor-section elementor-top-section elementor-element elementor-element-2c1cd59 elementor-section-boxed elementor-section-height-default elementor-section-height-default\" data-id=\"2c1cd59\" data-element_type=\"section\">\n\t\t\t\t\t\t<div class=\"elementor-container elementor-column-gap-default\">\n\t\t\t\t\t<div class=\"elementor-column elementor-col-100 elementor-top-column elementor-element elementor-element-35a4db1\" data-id=\"35a4db1\" data-element_type=\"column\">\n\t\t\t<div class=\"elementor-widget-wrap elementor-element-populated\">\n\t\t\t\t\t\t<div class=\"elementor-element elementor-element-e382dff elementor-widget elementor-widget-heading\" data-id=\"e382dff\" data-element_type=\"widget\" data-widget_type=\"heading.default\">\n\t\t\t\t<div class=\"elementor-widget-container\">\n\t\t\t\t\t<h1 class=\"elementor-heading-title elementor-size-default\">HISTORIA<\/h1>\t\t\t\t<\/div>\n\t\t\t\t<\/div>\n\t\t\t\t\t<\/div>\n\t\t<\/div>\n\t\t\t\t\t<\/div>\n\t\t<\/section>\n\t\t\t\t<section class=\"elementor-section elementor-top-section elementor-element elementor-element-c2dd5ee elementor-section-boxed elementor-section-height-default elementor-section-height-default\" data-id=\"c2dd5ee\" data-element_type=\"section\">\n\t\t\t\t\t\t<div class=\"elementor-container elementor-column-gap-default\">\n\t\t\t\t\t<div class=\"elementor-column elementor-col-100 elementor-top-column elementor-element elementor-element-342695b\" data-id=\"342695b\" data-element_type=\"column\">\n\t\t\t<div class=\"elementor-widget-wrap elementor-element-populated\">\n\t\t\t\t\t\t<div class=\"elementor-element elementor-element-ddc70a3 elementor-widget-divider--view-line elementor-widget elementor-widget-divider\" data-id=\"ddc70a3\" data-element_type=\"widget\" data-widget_type=\"divider.default\">\n\t\t\t\t<div class=\"elementor-widget-container\">\n\t\t\t\t\t\t\t<div class=\"elementor-divider\">\n\t\t\t<span class=\"elementor-divider-separator\">\n\t\t\t\t\t\t<\/span>\n\t\t<\/div>\n\t\t\t\t\t\t<\/div>\n\t\t\t\t<\/div>\n\t\t\t\t\t<\/div>\n\t\t<\/div>\n\t\t\t\t\t<\/div>\n\t\t<\/section>\n\t\t\t\t<section class=\"elementor-section elementor-top-section elementor-element elementor-element-407a30d elementor-section-boxed elementor-section-height-default elementor-section-height-default\" data-id=\"407a30d\" data-element_type=\"section\">\n\t\t\t\t\t\t<div class=\"elementor-container elementor-column-gap-default\">\n\t\t\t\t\t<div class=\"elementor-column elementor-col-100 elementor-top-column elementor-element elementor-element-f8352fa\" data-id=\"f8352fa\" data-element_type=\"column\">\n\t\t\t<div class=\"elementor-widget-wrap elementor-element-populated\">\n\t\t\t\t\t\t<div class=\"elementor-element elementor-element-48834af elementor-widget elementor-widget-text-editor\" data-id=\"48834af\" data-element_type=\"widget\" data-widget_type=\"text-editor.default\">\n\t\t\t\t<div class=\"elementor-widget-container\">\n\t\t\t\t\t\t\t\t\t<p>El 5 de diciembre de 1962, con el objeto de \u201ccontribuir a promover y consolidar el movimiento cooperativo y difundir los principios de la cooperaci\u00f3n libre\u201d, se constituye la Confederaci\u00f3n Cooperativa de la Rep\u00fablica Argentina (Cooperar), por voluntad y convicci\u00f3n de los dirigentes de las siguientes entidades:<\/p>\n<p>Asociaci\u00f3n de Cooperativas de Trabajo de la Rep\u00fablica Argentina<br \/>Federaci\u00f3n Argentina de Cooperativas de Consumo<br \/>Federaci\u00f3n Argentina de Cooperativas de Cr\u00e9dito<br \/>Federaci\u00f3n Argentina de Cooperativas de Seguro<br \/>Federaci\u00f3n Argentina de Cooperativas Farmac\u00e9uticas<br \/>Federaci\u00f3n Argentina de Cooperativas El\u00e9ctricas<br \/>Federaci\u00f3n de Cooperativas de Cr\u00e9dito, Vivienda y Consumo<\/p>\n<p>De esta manera se completaba el proceso de integraci\u00f3n de las cooperativas en Argentina. Converg\u00edan en dicha instancia m\u00faltiples experiencias insufladas por la pasi\u00f3n de los pioneros, que entendieron a la cooperaci\u00f3n como el camino hacia una sociedad cimentada en la \u201cfraternidad humana\u201d, como era com\u00fan expresarlo en los primeros tiempos.<\/p>\n<p>Esta construcci\u00f3n tuvo muchos primeros ladrillos, tantos como modalidades ha adoptado el cooperativismo.<\/p>\n<p>Las primeras iniciativas estuvieron vinculadas al cooperativismo de consumo, como la Sociedad Cooperativa de Producci\u00f3n y Consumo de Buenos Aires (1875), o El Hogar Obrero (1905).<\/p>\n<p>El cooperativismo de vivienda tendr\u00e1 un origen fuertemente asociado a este cooperativismo de consumo. De hecho, El Hogar Obrero era una cooperativa de Consumo, Edificaci\u00f3n y Cr\u00e9dito.<\/p>\n<p>El cooperativismo de cr\u00e9dito tambi\u00e9n se encontr\u00f3 entre las primeras modalidades, dando origen, por ejemplo, al Banco Popular Argentino (1887), y m\u00e1s adelante a las cajas rurales y a las cajas de cr\u00e9dito, que tendr\u00e1n su apogeo en los a\u00f1os 60.<\/p>\n<p>Otra modalidad pionera fue el cooperativismo de seguro, cuya primera entidad fue la Sociedad Cooperativa de Seguros El Progreso Agr\u00edcola, de Pig\u00fc\u00e9, Provincia de Buenos Aires (1898).<\/p>\n<p>El cooperativismo de servicios p\u00fablicos fue de m\u00e1s reciente surgimiento, con sus primeros pasos en 1926, con la constituci\u00f3n de la Sociedad Cooperativa de Luz y Fuerza El\u00e9ctrica de Punta Alta, y la Cooperativa de San Genaro, en el caso de la telefon\u00eda, en 1959.<\/p>\n<p>El cooperativismo de trabajo tendr\u00e1 su primer paso en 1928, con La Edilicia de Pergamino, dedicada a la construcci\u00f3n y con una f\u00e1brica de ladrillos y mosaicos propia.<\/p>\n<p>Miles de experiencias como estas fueron las que luego devinieron en federaciones y en nuestra organizaci\u00f3n de tercer grado, que pronto deber\u00eda enfrentar las duras circunstancias que implica sobrevivir practicando la democracia en el marco de las dictaduras militares.<\/p>\n<p>Tampoco fue sencillo sobrellevar los a\u00f1os del neoliberalismo, que termin\u00f3 con la vida de instituciones centenarias y paradigm\u00e1ticas del cooperativismo argentino.<\/p>\n<p>Pero fue la tambi\u00e9n la propia crisis la que demostr\u00f3 la fortaleza de la herramienta cooperativa, que hoy se constituy\u00f3 en una referencia habitual de todas las propuestas pol\u00edticas de base democr\u00e1tica, y que fue adoptada por movimientos sociales en todo el territorio nacional.<\/p>\n<p>Nuestra sede social, inaugurada en 1999, lleva por nombre Arturo Vainstok, uno de los dirigentes que marcaron las primeras d\u00e9cadas de la instituci\u00f3n. Dejemos que sus palabras expliquen el por qu\u00e9 de la importancia del cooperativismo:<\/p>\t\t\t\t\t\t\t\t<\/div>\n\t\t\t\t<\/div>\n\t\t\t\t\t<\/div>\n\t\t<\/div>\n\t\t\t\t\t<\/div>\n\t\t<\/section>\n\t\t\t\t<section class=\"elementor-section elementor-top-section elementor-element elementor-element-4f5af43 elementor-section-boxed elementor-section-height-default elementor-section-height-default\" data-id=\"4f5af43\" data-element_type=\"section\">\n\t\t\t\t\t\t<div class=\"elementor-container elementor-column-gap-default\">\n\t\t\t\t\t<div class=\"elementor-column elementor-col-100 elementor-top-column elementor-element elementor-element-602cb4b\" data-id=\"602cb4b\" data-element_type=\"column\">\n\t\t\t<div class=\"elementor-widget-wrap elementor-element-populated\">\n\t\t\t\t\t\t<div class=\"elementor-element elementor-element-f271560 elementor-widget elementor-widget-text-editor\" data-id=\"f271560\" data-element_type=\"widget\" data-widget_type=\"text-editor.default\">\n\t\t\t\t<div class=\"elementor-widget-container\">\n\t\t\t\t\t\t\t\t\t<p>\u201cEl cooperativismo significa fundamentalmente la instrumentaci\u00f3n de la defensa org\u00e1nica de los consumidores, realizada en t\u00e9rminos mensurables contra todos los factores de distorsi\u00f3n del proceso econ\u00f3mico que complica y encarece artificialmente el acceso a los bienes y servicios requeridos para la satisfacci\u00f3n de las necesidades humanas. Como la intermediaci\u00f3n parasitaria se interpone no s\u00f3lo en el camino del consumidor sino tambi\u00e9n de los productores aut\u00f3nomos, de los artesanos y de los obreros organizados para el trabajo com\u00fan en talleres emancipados de la conducci\u00f3n patronal, ha podido tambi\u00e9n desarrollarse en el mundo el cooperativismo agrario y del trabajo, hasta alcanzar su actual dimensi\u00f3n en la econom\u00eda mundial\u201d.<\/p>\t\t\t\t\t\t\t\t<\/div>\n\t\t\t\t<\/div>\n\t\t\t\t\t<\/div>\n\t\t<\/div>\n\t\t\t\t\t<\/div>\n\t\t<\/section>\n\t\t\t\t<section class=\"elementor-section elementor-top-section elementor-element elementor-element-2fa436b elementor-section-boxed elementor-section-height-default elementor-section-height-default\" data-id=\"2fa436b\" data-element_type=\"section\">\n\t\t\t\t\t\t<div class=\"elementor-container elementor-column-gap-default\">\n\t\t\t\t\t<div class=\"elementor-column elementor-col-100 elementor-top-column elementor-element elementor-element-be1d41a\" data-id=\"be1d41a\" data-element_type=\"column\">\n\t\t\t<div class=\"elementor-widget-wrap elementor-element-populated\">\n\t\t\t\t\t\t<div class=\"elementor-element elementor-element-e430dd7 elementor-widget-divider--view-line elementor-widget elementor-widget-divider\" data-id=\"e430dd7\" data-element_type=\"widget\" data-widget_type=\"divider.default\">\n\t\t\t\t<div class=\"elementor-widget-container\">\n\t\t\t\t\t\t\t<div class=\"elementor-divider\">\n\t\t\t<span class=\"elementor-divider-separator\">\n\t\t\t\t\t\t<\/span>\n\t\t<\/div>\n\t\t\t\t\t\t<\/div>\n\t\t\t\t<\/div>\n\t\t\t\t\t<\/div>\n\t\t<\/div>\n\t\t\t\t\t<\/div>\n\t\t<\/section>\n\t\t\t\t<section class=\"elementor-section elementor-top-section elementor-element elementor-element-3cfbae0 elementor-section-boxed elementor-section-height-default elementor-section-height-default\" data-id=\"3cfbae0\" data-element_type=\"section\">\n\t\t\t\t\t\t<div class=\"elementor-container elementor-column-gap-default\">\n\t\t\t\t\t<div class=\"elementor-column elementor-col-100 elementor-top-column elementor-element elementor-element-c6d8623\" data-id=\"c6d8623\" data-element_type=\"column\">\n\t\t\t<div class=\"elementor-widget-wrap elementor-element-populated\">\n\t\t\t\t\t\t<div class=\"elementor-element elementor-element-6229390 elementor-widget elementor-widget-heading\" data-id=\"6229390\" data-element_type=\"widget\" data-widget_type=\"heading.default\">\n\t\t\t\t<div class=\"elementor-widget-container\">\n\t\t\t\t\t<h5 class=\"elementor-heading-title elementor-size-default\">Documento 50 a\u00f1os<\/h5>\t\t\t\t<\/div>\n\t\t\t\t<\/div>\n\t\t\t\t\t<\/div>\n\t\t<\/div>\n\t\t\t\t\t<\/div>\n\t\t<\/section>\n\t\t\t\t<section class=\"elementor-section elementor-top-section elementor-element elementor-element-418dc62 elementor-section-boxed elementor-section-height-default elementor-section-height-default\" data-id=\"418dc62\" data-element_type=\"section\">\n\t\t\t\t\t\t<div class=\"elementor-container elementor-column-gap-default\">\n\t\t\t\t\t<div class=\"elementor-column elementor-col-100 elementor-top-column elementor-element elementor-element-8a0666c\" data-id=\"8a0666c\" data-element_type=\"column\">\n\t\t\t<div class=\"elementor-widget-wrap elementor-element-populated\">\n\t\t\t\t\t\t<div class=\"elementor-element elementor-element-8d90ecf elementor-widget elementor-widget-text-editor\" data-id=\"8d90ecf\" data-element_type=\"widget\" data-widget_type=\"text-editor.default\">\n\t\t\t\t<div class=\"elementor-widget-container\">\n\t\t\t\t\t\t\t\t\t<p><div data-url=\"https:\/\/issuu.com\/prensacooperar\/docs\/dossier_final_final_alta\" style=\"width: 500px; height: 355px;\" class=\"issuuembed\"><\/div><script type=\"text\/javascript\" src=\"\/\/e.issuu.com\/embed.js\" async=\"true\"><\/script><\/p>\t\t\t\t\t\t\t\t<\/div>\n\t\t\t\t<\/div>\n\t\t\t\t\t<\/div>\n\t\t<\/div>\n\t\t\t\t\t<\/div>\n\t\t<\/section>\n\t\t\t\t<section class=\"elementor-section elementor-top-section elementor-element elementor-element-af4774b elementor-section-boxed elementor-section-height-default elementor-section-height-default\" data-id=\"af4774b\" data-element_type=\"section\">\n\t\t\t\t\t\t<div class=\"elementor-container elementor-column-gap-default\">\n\t\t\t\t\t<div class=\"elementor-column elementor-col-100 elementor-top-column elementor-element elementor-element-f01e766\" data-id=\"f01e766\" data-element_type=\"column\">\n\t\t\t<div class=\"elementor-widget-wrap elementor-element-populated\">\n\t\t\t\t\t\t<div class=\"elementor-element elementor-element-441bd03 elementor-widget-divider--view-line elementor-widget elementor-widget-divider\" data-id=\"441bd03\" data-element_type=\"widget\" data-widget_type=\"divider.default\">\n\t\t\t\t<div class=\"elementor-widget-container\">\n\t\t\t\t\t\t\t<div class=\"elementor-divider\">\n\t\t\t<span class=\"elementor-divider-separator\">\n\t\t\t\t\t\t<\/span>\n\t\t<\/div>\n\t\t\t\t\t\t<\/div>\n\t\t\t\t<\/div>\n\t\t\t\t\t<\/div>\n\t\t<\/div>\n\t\t\t\t\t<\/div>\n\t\t<\/section>\n\t\t\t\t<section class=\"elementor-section elementor-top-section elementor-element elementor-element-2c66030 elementor-section-boxed elementor-section-height-default elementor-section-height-default\" data-id=\"2c66030\" data-element_type=\"section\">\n\t\t\t\t\t\t<div class=\"elementor-container elementor-column-gap-default\">\n\t\t\t\t\t<div class=\"elementor-column elementor-col-100 elementor-top-column elementor-element elementor-element-0c5d9cf\" data-id=\"0c5d9cf\" data-element_type=\"column\">\n\t\t\t<div class=\"elementor-widget-wrap elementor-element-populated\">\n\t\t\t\t\t\t<div class=\"elementor-element elementor-element-a9a03d1 elementor-widget elementor-widget-heading\" data-id=\"a9a03d1\" data-element_type=\"widget\" data-widget_type=\"heading.default\">\n\t\t\t\t<div class=\"elementor-widget-container\">\n\t\t\t\t\t<h5 class=\"elementor-heading-title elementor-size-default\">Acta Constitutiva de la Confederaci\u00f3n Cooperativa de la Rep\u00fablica Argentina (COOPERAR)<\/h5>\t\t\t\t<\/div>\n\t\t\t\t<\/div>\n\t\t\t\t\t<\/div>\n\t\t<\/div>\n\t\t\t\t\t<\/div>\n\t\t<\/section>\n\t\t\t\t<section class=\"elementor-section elementor-top-section elementor-element elementor-element-19dc994 elementor-section-boxed elementor-section-height-default elementor-section-height-default\" data-id=\"19dc994\" data-element_type=\"section\">\n\t\t\t\t\t\t<div class=\"elementor-container elementor-column-gap-default\">\n\t\t\t\t\t<div class=\"elementor-column elementor-col-100 elementor-top-column elementor-element elementor-element-ecb9d6f\" data-id=\"ecb9d6f\" data-element_type=\"column\">\n\t\t\t<div class=\"elementor-widget-wrap elementor-element-populated\">\n\t\t\t\t\t\t<div class=\"elementor-element elementor-element-268c7e1 elementor-widget elementor-widget-text-editor\" data-id=\"268c7e1\" data-element_type=\"widget\" data-widget_type=\"text-editor.default\">\n\t\t\t\t<div class=\"elementor-widget-container\">\n\t\t\t\t\t\t\t\t\t<p><div data-url=\"https:\/\/issuu.com\/prensacooperar\/docs\/inscripci_n_legal_cooperar\" style=\"width: 500px; height: 412px;\" class=\"issuuembed\"><\/div><script type=\"text\/javascript\" src=\"\/\/e.issuu.com\/embed.js\" async=\"true\"><\/script><\/p>\t\t\t\t\t\t\t\t<\/div>\n\t\t\t\t<\/div>\n\t\t\t\t\t<\/div>\n\t\t<\/div>\n\t\t\t\t\t<\/div>\n\t\t<\/section>\n\t\t\t\t<\/div>\n\t\t","protected":false},"excerpt":{"rendered":"<p>\u00bfQU\u00c9 ES COOPERAR? HISTORIA El 5 de diciembre de 1962, con el objeto de \u201ccontribuir a promover y consolidar el movimiento cooperativo y difundir los principios de la cooperaci\u00f3n libre\u201d, se constituye la Confederaci\u00f3n Cooperativa de la Rep\u00fablica Argentina (Cooperar), por voluntad y convicci\u00f3n de los dirigentes de las siguientes entidades: Asociaci\u00f3n de Cooperativas de [&hellip;]<\/p>\n","protected":false},"author":2,"featured_media":0,"parent":0,"menu_order":0,"comment_status":"closed","ping_status":"closed","template":"","meta":{"site-sidebar-layout":"default","site-content-layout":"","ast-site-content-layout":"","site-content-style":"default","site-sidebar-style":"default","ast-global-header-display":"","ast-banner-title-visibility":"","ast-main-header-display":"","ast-hfb-above-header-display":"","ast-hfb-below-header-display":"","ast-hfb-mobile-header-display":"","site-post-title":"disabled","ast-breadcrumbs-content":"","ast-featured-img":"","footer-sml-layout":"","theme-transparent-header-meta":"","adv-header-id-meta":"","stick-header-meta":"","header-above-stick-meta":"","header-main-stick-meta":"","header-below-stick-meta":"","astra-migrate-meta-layouts":"","ast-page-background-enabled":"default","ast-page-background-meta":{"desktop":{"background-color":"var(--ast-global-color-4)","background-image":"","background-repeat":"repeat","background-position":"center center","background-size":"auto","background-attachment":"scroll","background-type":"","background-media":"","overlay-type":"","overlay-color":"","overlay-opacity":"","overlay-gradient":""},"tablet":{"background-color":"","background-image":"","background-repeat":"repeat","background-position":"center center","background-size":"auto","background-attachment":"scroll","background-type":"","background-media":"","overlay-type":"","overlay-color":"","overlay-opacity":"","overlay-gradient":""},"mobile":{"background-color":"","background-image":"","background-repeat":"repeat","background-position":"center center","background-size":"auto","background-attachment":"scroll","background-type":"","background-media":"","overlay-type":"","overlay-color":"","overlay-opacity":"","overlay-gradient":""}},"ast-content-background-meta":{"desktop":{"background-color":"var(--ast-global-color-5)","background-image":"","background-repeat":"repeat","background-position":"center center","background-size":"auto","background-attachment":"scroll","background-type":"","background-media":"","overlay-type":"","overlay-color":"","overlay-opacity":"","overlay-gradient":""},"tablet":{"background-color":"var(--ast-global-color-5)","background-image":"","background-repeat":"repeat","background-position":"center center","background-size":"auto","background-attachment":"scroll","background-type":"","background-media":"","overlay-type":"","overlay-color":"","overlay-opacity":"","overlay-gradient":""},"mobile":{"background-color":"var(--ast-global-color-5)","background-image":"","background-repeat":"repeat","background-position":"center center","background-size":"auto","background-attachment":"scroll","background-type":"","background-media":"","overlay-type":"","overlay-color":"","overlay-opacity":"","overlay-gradient":""}},"footnotes":""},"class_list":["post-55","page","type-page","status-publish","hentry"],"_links":{"self":[{"href":"https:\/\/cooperar.coop\/index.php?rest_route=\/wp\/v2\/pages\/55","targetHints":{"allow":["GET"]}}],"collection":[{"href":"https:\/\/cooperar.coop\/index.php?rest_route=\/wp\/v2\/pages"}],"about":[{"href":"https:\/\/cooperar.coop\/index.php?rest_route=\/wp\/v2\/types\/page"}],"author":[{"embeddable":true,"href":"https:\/\/cooperar.coop\/index.php?rest_route=\/wp\/v2\/users\/2"}],"replies":[{"embeddable":true,"href":"https:\/\/cooperar.coop\/index.php?rest_route=%2Fwp%2Fv2%2Fcomments&post=55"}],"version-history":[{"count":65,"href":"https:\/\/cooperar.coop\/index.php?rest_route=\/wp\/v2\/pages\/55\/revisions"}],"predecessor-version":[{"id":6072,"href":"https:\/\/cooperar.coop\/index.php?rest_route=\/wp\/v2\/pages\/55\/revisions\/6072"}],"wp:attachment":[{"href":"https:\/\/cooperar.coop\/index.php?rest_route=%2Fwp%2Fv2%2Fmedia&parent=55"}],"curies":[{"name":"wp","href":"https:\/\/api.w.org\/{rel}","templated":true}]}}