{"id":65,"date":"2017-05-10T12:30:29","date_gmt":"2017-05-10T12:30:29","guid":{"rendered":"http:\/\/c0340450.ferozo.com\/?page_id=65"},"modified":"2025-07-18T14:49:54","modified_gmt":"2025-07-18T17:49:54","slug":"consejo-de-administracion","status":"publish","type":"page","link":"https:\/\/cooperar.coop\/?page_id=65","title":{"rendered":"Consejo de Administraci\u00f3n"},"content":{"rendered":"\t\t<div data-elementor-type=\"wp-page\" data-elementor-id=\"65\" class=\"elementor elementor-65\" data-elementor-post-type=\"page\">\n\t\t\t\t\t\t<section class=\"elementor-section elementor-top-section elementor-element elementor-element-f0454c6 elementor-section-full_width elementor-section-stretched elementor-section-height-default elementor-section-height-default\" data-id=\"f0454c6\" data-element_type=\"section\" data-settings=\"{&quot;stretch_section&quot;:&quot;section-stretched&quot;}\">\n\t\t\t\t\t\t<div class=\"elementor-container elementor-column-gap-no\">\n\t\t\t\t\t<div class=\"elementor-column elementor-col-100 elementor-top-column elementor-element elementor-element-69f720e\" data-id=\"69f720e\" data-element_type=\"column\">\n\t\t\t<div class=\"elementor-widget-wrap elementor-element-populated\">\n\t\t\t\t\t\t<div class=\"elementor-element elementor-element-778ed47 elementor-widget elementor-widget-image\" data-id=\"778ed47\" data-element_type=\"widget\" data-widget_type=\"image.default\">\n\t\t\t\t<div class=\"elementor-widget-container\">\n\t\t\t\t\t\t\t\t\t\t\t\t\t\t\t<img fetchpriority=\"high\" decoding=\"async\" width=\"1024\" height=\"633\" src=\"https:\/\/cooperar.coop\/wp-content\/uploads\/2025\/07\/consejo2025-1024x633.jpeg\" class=\"attachment-large size-large wp-image-6495\" alt=\"\" srcset=\"https:\/\/cooperar.coop\/wp-content\/uploads\/2025\/07\/consejo2025-1024x633.jpeg 1024w, https:\/\/cooperar.coop\/wp-content\/uploads\/2025\/07\/consejo2025-300x185.jpeg 300w, https:\/\/cooperar.coop\/wp-content\/uploads\/2025\/07\/consejo2025-768x475.jpeg 768w, https:\/\/cooperar.coop\/wp-content\/uploads\/2025\/07\/consejo2025.jpeg 1173w\" sizes=\"(max-width: 1024px) 100vw, 1024px\" \/>\t\t\t\t\t\t\t\t\t\t\t\t\t\t\t<\/div>\n\t\t\t\t<\/div>\n\t\t\t\t\t<\/div>\n\t\t<\/div>\n\t\t\t\t\t<\/div>\n\t\t<\/section>\n\t\t\t\t<section class=\"elementor-section elementor-top-section elementor-element elementor-element-83b3ec1 elementor-section-boxed elementor-section-height-default elementor-section-height-default\" data-id=\"83b3ec1\" data-element_type=\"section\">\n\t\t\t\t\t\t<div class=\"elementor-container elementor-column-gap-default\">\n\t\t\t\t\t<div class=\"elementor-column elementor-col-100 elementor-top-column elementor-element elementor-element-de3f736\" data-id=\"de3f736\" data-element_type=\"column\">\n\t\t\t<div class=\"elementor-widget-wrap elementor-element-populated\">\n\t\t\t\t\t\t<div class=\"elementor-element elementor-element-885772b elementor-widget elementor-widget-spacer\" data-id=\"885772b\" data-element_type=\"widget\" data-widget_type=\"spacer.default\">\n\t\t\t\t<div class=\"elementor-widget-container\">\n\t\t\t\t\t\t\t<div class=\"elementor-spacer\">\n\t\t\t<div class=\"elementor-spacer-inner\"><\/div>\n\t\t<\/div>\n\t\t\t\t\t\t<\/div>\n\t\t\t\t<\/div>\n\t\t\t\t\t<\/div>\n\t\t<\/div>\n\t\t\t\t\t<\/div>\n\t\t<\/section>\n\t\t\t\t<section class=\"elementor-section elementor-top-section elementor-element elementor-element-ea0f576 elementor-section-boxed elementor-section-height-default elementor-section-height-default\" data-id=\"ea0f576\" data-element_type=\"section\">\n\t\t\t\t\t\t<div class=\"elementor-container elementor-column-gap-default\">\n\t\t\t\t\t<div class=\"elementor-column elementor-col-100 elementor-top-column elementor-element elementor-element-ce1d3d8\" data-id=\"ce1d3d8\" data-element_type=\"column\">\n\t\t\t<div class=\"elementor-widget-wrap elementor-element-populated\">\n\t\t\t\t\t\t<div class=\"elementor-element elementor-element-81f6334 elementor-widget elementor-widget-heading\" data-id=\"81f6334\" data-element_type=\"widget\" data-widget_type=\"heading.default\">\n\t\t\t\t<div class=\"elementor-widget-container\">\n\t\t\t\t\t<h5 class=\"elementor-heading-title elementor-size-default\">\u00bfQU\u00c9 ES COOPERAR?<\/h5>\t\t\t\t<\/div>\n\t\t\t\t<\/div>\n\t\t\t\t\t<\/div>\n\t\t<\/div>\n\t\t\t\t\t<\/div>\n\t\t<\/section>\n\t\t\t\t<section class=\"elementor-section elementor-top-section elementor-element elementor-element-1b78d78 elementor-section-boxed elementor-section-height-default elementor-section-height-default\" data-id=\"1b78d78\" data-element_type=\"section\">\n\t\t\t\t\t\t<div class=\"elementor-container elementor-column-gap-default\">\n\t\t\t\t\t<div class=\"elementor-column elementor-col-100 elementor-top-column elementor-element elementor-element-285a96c\" data-id=\"285a96c\" data-element_type=\"column\">\n\t\t\t<div class=\"elementor-widget-wrap elementor-element-populated\">\n\t\t\t\t\t\t<div class=\"elementor-element elementor-element-ac2e513 elementor-widget elementor-widget-heading\" data-id=\"ac2e513\" data-element_type=\"widget\" data-widget_type=\"heading.default\">\n\t\t\t\t<div class=\"elementor-widget-container\">\n\t\t\t\t\t<h1 class=\"elementor-heading-title elementor-size-default\">CONSEJO DE  ADMINISTRACI\u00d3N<\/h1>\t\t\t\t<\/div>\n\t\t\t\t<\/div>\n\t\t\t\t\t<\/div>\n\t\t<\/div>\n\t\t\t\t\t<\/div>\n\t\t<\/section>\n\t\t\t\t<section class=\"elementor-section elementor-top-section elementor-element elementor-element-ee5c618 elementor-section-boxed elementor-section-height-default elementor-section-height-default\" data-id=\"ee5c618\" data-element_type=\"section\">\n\t\t\t\t\t\t<div class=\"elementor-container elementor-column-gap-default\">\n\t\t\t\t\t<div class=\"elementor-column elementor-col-100 elementor-top-column elementor-element elementor-element-de8b891\" data-id=\"de8b891\" data-element_type=\"column\">\n\t\t\t<div class=\"elementor-widget-wrap elementor-element-populated\">\n\t\t\t\t\t\t<div class=\"elementor-element elementor-element-e63fa3a elementor-widget-divider--view-line elementor-widget elementor-widget-divider\" data-id=\"e63fa3a\" data-element_type=\"widget\" data-widget_type=\"divider.default\">\n\t\t\t\t<div class=\"elementor-widget-container\">\n\t\t\t\t\t\t\t<div class=\"elementor-divider\">\n\t\t\t<span class=\"elementor-divider-separator\">\n\t\t\t\t\t\t<\/span>\n\t\t<\/div>\n\t\t\t\t\t\t<\/div>\n\t\t\t\t<\/div>\n\t\t\t\t\t<\/div>\n\t\t<\/div>\n\t\t\t\t\t<\/div>\n\t\t<\/section>\n\t\t\t\t<section class=\"elementor-section elementor-top-section elementor-element elementor-element-206517d elementor-section-boxed elementor-section-height-default elementor-section-height-default\" data-id=\"206517d\" data-element_type=\"section\">\n\t\t\t\t\t\t<div class=\"elementor-container elementor-column-gap-default\">\n\t\t\t\t\t<div class=\"elementor-column elementor-col-100 elementor-top-column elementor-element elementor-element-f959399\" data-id=\"f959399\" data-element_type=\"column\">\n\t\t\t<div class=\"elementor-widget-wrap elementor-element-populated\">\n\t\t\t\t\t\t<div class=\"elementor-element elementor-element-699c4e2 elementor-widget elementor-widget-text-editor\" data-id=\"699c4e2\" data-element_type=\"widget\" data-widget_type=\"text-editor.default\">\n\t\t\t\t<div class=\"elementor-widget-container\">\n\t\t\t\t\t\t\t\t\t<p><strong>Presidente<\/strong><br>Ariel Enrique Guarco<br>Federaci\u00f3n de Cooperativas de Electricidad y Servicios P\u00fablicos de la Provincia de Buenos Aires (FEDECOBA)<\/p>\n<p><strong>Vicepresidente 1\u00ba<\/strong><br>Eduardo Juan Canedi<span style=\"font-weight: bold;\"><br><\/span>C\u00e1mara de Empresas L\u00edderes en Seguridad e Investigaciones (CELSI)<\/p>\n<p><strong>Vicepresidente 2\u00ba<br><\/strong>Juan Carlos Junio (Instituto Movilizador de Fondos Cooperativos)<\/p>\n<p><strong>Secretario<\/strong><br>Ricardo Luis L\u00f3pez<br>Federaci\u00f3n Argentina de Entidades Solidarias de Salud (FAESS)<\/p>\n<p><strong>Prosecretario<\/strong><br>Omar Grossi<br>Asociaci\u00f3n de Prestadores El\u00e9ctricos de la Provincia de Buenos Aires (APEBA)<\/p>\n<p><strong>Tesorero<\/strong><br>Cristian Horton<br>Federaci\u00f3n de Cooperativas de Trabajo de la Rep\u00fablica Argentina (FECOOTRA)<\/p>\n<p><strong>Protesorero<\/strong><br>Jorge Gandolfo<br>Federaci\u00f3n de Cooperativas de Corrientes (FEDECOOP)<\/p>\n<p><strong>Secretario de Relaciones Internacionales<\/strong><br>Carlos Mansilla<br>Uni\u00f3n de Cooperativas de Vivienda (UNICOOP)<\/p>\n<p><strong>Prosecretaria de Relaciones Internacionales<\/strong><br>Gisela Wild<br>Federaci\u00f3n Santafesina de Cooperativas de Electricidad, Obras y Servicios P\u00fablicos (Fescoe)<\/p>\n<p><strong>Vocales&nbsp;<\/strong><br>Enrique Moreno (AIR)<br>Rodolfo Zoppi (FACConsumo)<br>Luis Alberto Bavestrello (FACCr\u00e9dito)<span style=\"font-style: inherit; font-weight: inherit; color: var( --e-global-color-text );\"><br>Juan Miguel Mart\u00edn (Fecofar)<\/span><br>Silvio Armando Antinori (Fecofe)<br><span style=\"font-style: inherit; font-weight: inherit; color: var( --e-global-color-text );\">Silvina Vaz\u00f3n (RUS)<\/span><span style=\"color: var( --e-global-color-text ); font-style: inherit; font-weight: inherit;\"><br><\/span><span style=\"color: var( --e-global-color-text ); font-style: inherit; font-weight: inherit;\">Marta Gait\u00e1n (CEGC)<br><\/span><span style=\"color: var( --e-global-color-text ); font-style: inherit; font-weight: inherit;\">H\u00e9ctor Nicol\u00e1s Jacquet (CJC)<\/span><\/p>\n<p><strong>Suplentes<\/strong><br>Rafael S\u00e1nchez (Fecotel)<br>Leandro Nicol\u00e1s Monk (Facttic)<br>Ramiro Mart\u00ednez (Conarcoop)<br>Diego Ignacio Yanez (Fecescor)<br><br><b>Comit\u00e9s<\/b><br>Adriana Perla Kreiman (CEGC)<br>Manuel Bl\u00e1zquez Di Croce (CJC)<\/p>\n<p><strong>Honorarios<br><\/strong>Rub\u00e9n Alfredo Mas\u00f3n&nbsp;(FACConsumo)<br>Jos\u00e9 Hern\u00e1n Orbaiceta (Fecootra)<\/p>\n<p><strong>Sindicatura titular<br><\/strong>Alejandro Dar\u00edo Marinello&nbsp;<\/p>\n<p><strong>Sindicatura suplente<br><\/strong>\u00c1ngel Echarren<\/p><p><br><\/p>\t\t\t\t\t\t\t\t<\/div>\n\t\t\t\t<\/div>\n\t\t\t\t\t<\/div>\n\t\t<\/div>\n\t\t\t\t\t<\/div>\n\t\t<\/section>\n\t\t\t\t<\/div>\n\t\t","protected":false},"excerpt":{"rendered":"<p>\u00bfQU\u00c9 ES COOPERAR? CONSEJO DE ADMINISTRACI\u00d3N PresidenteAriel Enrique GuarcoFederaci\u00f3n de Cooperativas de Electricidad y Servicios P\u00fablicos de la Provincia de Buenos Aires (FEDECOBA) Vicepresidente 1\u00baEduardo Juan CanediC\u00e1mara de Empresas L\u00edderes en Seguridad e Investigaciones (CELSI) Vicepresidente 2\u00baJuan Carlos Junio (Instituto Movilizador de Fondos Cooperativos) SecretarioRicardo Luis L\u00f3pezFederaci\u00f3n Argentina de Entidades Solidarias de Salud (FAESS) ProsecretarioOmar [&hellip;]<\/p>\n","protected":false},"author":2,"featured_media":0,"parent":0,"menu_order":0,"comment_status":"closed","ping_status":"closed","template":"","meta":{"site-sidebar-layout":"default","site-content-layout":"","ast-site-content-layout":"","site-content-style":"default","site-sidebar-style":"default","ast-global-header-display":"","ast-banner-title-visibility":"","ast-main-header-display":"","ast-hfb-above-header-display":"","ast-hfb-below-header-display":"","ast-hfb-mobile-header-display":"","site-post-title":"disabled","ast-breadcrumbs-content":"","ast-featured-img":"","footer-sml-layout":"","theme-transparent-header-meta":"","adv-header-id-meta":"","stick-header-meta":"","header-above-stick-meta":"","header-main-stick-meta":"","header-below-stick-meta":"","astra-migrate-meta-layouts":"","ast-page-background-enabled":"default","ast-page-background-meta":{"desktop":{"background-color":"var(--ast-global-color-4)","background-image":"","background-repeat":"repeat","background-position":"center center","background-size":"auto","background-attachment":"scroll","background-type":"","background-media":"","overlay-type":"","overlay-color":"","overlay-opacity":"","overlay-gradient":""},"tablet":{"background-color":"","background-image":"","background-repeat":"repeat","background-position":"center center","background-size":"auto","background-attachment":"scroll","background-type":"","background-media":"","overlay-type":"","overlay-color":"","overlay-opacity":"","overlay-gradient":""},"mobile":{"background-color":"","background-image":"","background-repeat":"repeat","background-position":"center center","background-size":"auto","background-attachment":"scroll","background-type":"","background-media":"","overlay-type":"","overlay-color":"","overlay-opacity":"","overlay-gradient":""}},"ast-content-background-meta":{"desktop":{"background-color":"var(--ast-global-color-5)","background-image":"","background-repeat":"repeat","background-position":"center center","background-size":"auto","background-attachment":"scroll","background-type":"","background-media":"","overlay-type":"","overlay-color":"","overlay-opacity":"","overlay-gradient":""},"tablet":{"background-color":"var(--ast-global-color-5)","background-image":"","background-repeat":"repeat","background-position":"center center","background-size":"auto","background-attachment":"scroll","background-type":"","background-media":"","overlay-type":"","overlay-color":"","overlay-opacity":"","overlay-gradient":""},"mobile":{"background-color":"var(--ast-global-color-5)","background-image":"","background-repeat":"repeat","background-position":"center center","background-size":"auto","background-attachment":"scroll","background-type":"","background-media":"","overlay-type":"","overlay-color":"","overlay-opacity":"","overlay-gradient":""}},"footnotes":""},"class_list":["post-65","page","type-page","status-publish","hentry"],"_links":{"self":[{"href":"https:\/\/cooperar.coop\/index.php?rest_route=\/wp\/v2\/pages\/65","targetHints":{"allow":["GET"]}}],"collection":[{"href":"https:\/\/cooperar.coop\/index.php?rest_route=\/wp\/v2\/pages"}],"about":[{"href":"https:\/\/cooperar.coop\/index.php?rest_route=\/wp\/v2\/types\/page"}],"author":[{"embeddable":true,"href":"https:\/\/cooperar.coop\/index.php?rest_route=\/wp\/v2\/users\/2"}],"replies":[{"embeddable":true,"href":"https:\/\/cooperar.coop\/index.php?rest_route=%2Fwp%2Fv2%2Fcomments&post=65"}],"version-history":[{"count":75,"href":"https:\/\/cooperar.coop\/index.php?rest_route=\/wp\/v2\/pages\/65\/revisions"}],"predecessor-version":[{"id":6502,"href":"https:\/\/cooperar.coop\/index.php?rest_route=\/wp\/v2\/pages\/65\/revisions\/6502"}],"wp:attachment":[{"href":"https:\/\/cooperar.coop\/index.php?rest_route=%2Fwp%2Fv2%2Fmedia&parent=65"}],"curies":[{"name":"wp","href":"https:\/\/api.w.org\/{rel}","templated":true}]}}